{"id":27265,"date":"2024-10-02T12:14:42","date_gmt":"2024-10-02T12:14:42","guid":{"rendered":"https:\/\/joule.keydesign.xyz\/ai-dev-tool\/?page_id=27265"},"modified":"2025-08-04T12:25:06","modified_gmt":"2025-08-04T12:25:06","slug":"privatumas","status":"publish","type":"page","link":"https:\/\/bilnex.io\/lt\/privatumas\/","title":{"rendered":"Privatumas"},"content":{"rendered":"<div data-elementor-type=\"wp-page\" data-elementor-id=\"27265\" class=\"elementor elementor-27265\" data-elementor-post-type=\"page\">\n\t\t\t\t<div class=\"elementor-element elementor-element-4d464da e-flex e-con-boxed e-con e-parent\" data-id=\"4d464da\" data-element_type=\"container\" data-e-type=\"container\" data-settings=\"{&quot;background_background&quot;:&quot;classic&quot;}\">\n\t\t\t\t\t<div class=\"e-con-inner\">\n\t\t<div class=\"elementor-element elementor-element-4990bcb e-con-full e-flex e-con e-child\" data-id=\"4990bcb\" data-element_type=\"container\" data-e-type=\"container\" data-settings=\"{&quot;ekit_has_onepagescroll_dot&quot;:&quot;yes&quot;}\">\n\t\t\t\t<div class=\"elementor-element elementor-element-e974fbd elementor-widget elementor-widget-elementskit-heading\" data-id=\"e974fbd\" data-element_type=\"widget\" data-e-type=\"widget\" data-settings=\"{&quot;ekit_we_effect_on&quot;:&quot;css&quot;}\" data-widget_type=\"elementskit-heading.default\">\n\t\t\t\t<div class=\"elementor-widget-container\">\n\t\t\t\t\t<div class=\"ekit-wid-con\" ><div class=\"ekit-heading elementskit-section-title-wraper text_left   ekit_heading_tablet-   ekit_heading_mobile-\"><h1 class=\"ekit-heading--title elementskit-section-title\">Privatumo politika<\/h1>\t\t\t\t<div class='ekit-heading__description'>\n\t\t\t\t\t<p><b>Paskutin\u012f kart\u0105 atnaujinta <\/b><strong>2025 m. liepos 14 d.<\/strong><\/p>\n\t\t\t\t<\/div>\n\t\t\t<\/div><\/div>\t\t\t\t<\/div>\n\t\t\t\t<\/div>\n\t\t\t\t<\/div>\n\t\t\t\t\t<\/div>\n\t\t\t\t<\/div>\n\t\t<div class=\"elementor-element elementor-element-f007246 e-flex e-con-boxed e-con e-parent\" data-id=\"f007246\" data-element_type=\"container\" data-e-type=\"container\" data-settings=\"{&quot;animation&quot;:&quot;none&quot;}\">\n\t\t\t\t\t<div class=\"e-con-inner\">\n\t\t<div class=\"elementor-element elementor-element-0b4f65a e-con-full elementor-hidden-tablet elementor-hidden-mobile ekit-sticky--top e-flex e-con e-child\" data-id=\"0b4f65a\" data-element_type=\"container\" data-e-type=\"container\" data-settings=\"{&quot;ekit_sticky&quot;:&quot;top&quot;,&quot;ekit_sticky_until&quot;:&quot;#section1&quot;,&quot;ekit_has_onepagescroll_dot&quot;:&quot;yes&quot;,&quot;ekit_sticky_offset&quot;:{&quot;unit&quot;:&quot;px&quot;,&quot;size&quot;:0,&quot;sizes&quot;:[]},&quot;ekit_sticky_offset_tablet&quot;:{&quot;unit&quot;:&quot;px&quot;,&quot;size&quot;:&quot;&quot;,&quot;sizes&quot;:[]},&quot;ekit_sticky_offset_mobile&quot;:{&quot;unit&quot;:&quot;px&quot;,&quot;size&quot;:&quot;&quot;,&quot;sizes&quot;:[]},&quot;ekit_sticky_on_desktop&quot;:&quot;desktop&quot;,&quot;ekit_sticky_on_tablet&quot;:&quot;tablet&quot;,&quot;ekit_sticky_on_mobile&quot;:&quot;mobile&quot;,&quot;ekit_sticky_effect_offset&quot;:{&quot;unit&quot;:&quot;px&quot;,&quot;size&quot;:0,&quot;sizes&quot;:[]},&quot;ekit_sticky_effect_offset_tablet&quot;:{&quot;unit&quot;:&quot;px&quot;,&quot;size&quot;:&quot;&quot;,&quot;sizes&quot;:[]},&quot;ekit_sticky_effect_offset_mobile&quot;:{&quot;unit&quot;:&quot;px&quot;,&quot;size&quot;:&quot;&quot;,&quot;sizes&quot;:[]}}\">\n\t\t<div class=\"elementor-element elementor-element-b8e0da8 e-con-full ekit-sticky--top e-flex e-con e-child\" data-id=\"b8e0da8\" data-element_type=\"container\" data-e-type=\"container\" data-settings=\"{&quot;ekit_sticky&quot;:&quot;top&quot;,&quot;ekit_sticky_offset&quot;:{&quot;unit&quot;:&quot;px&quot;,&quot;size&quot;:100,&quot;sizes&quot;:[]},&quot;ekit_sticky_until&quot;:&quot;section4&quot;,&quot;ekit_has_onepagescroll_dot&quot;:&quot;yes&quot;,&quot;ekit_sticky_offset_tablet&quot;:{&quot;unit&quot;:&quot;px&quot;,&quot;size&quot;:&quot;&quot;,&quot;sizes&quot;:[]},&quot;ekit_sticky_offset_mobile&quot;:{&quot;unit&quot;:&quot;px&quot;,&quot;size&quot;:&quot;&quot;,&quot;sizes&quot;:[]},&quot;ekit_sticky_on_desktop&quot;:&quot;desktop&quot;,&quot;ekit_sticky_effect_offset&quot;:{&quot;unit&quot;:&quot;px&quot;,&quot;size&quot;:0,&quot;sizes&quot;:[]},&quot;ekit_sticky_effect_offset_tablet&quot;:{&quot;unit&quot;:&quot;px&quot;,&quot;size&quot;:&quot;&quot;,&quot;sizes&quot;:[]},&quot;ekit_sticky_effect_offset_mobile&quot;:{&quot;unit&quot;:&quot;px&quot;,&quot;size&quot;:&quot;&quot;,&quot;sizes&quot;:[]}}\">\n\t\t\t\t<div class=\"elementor-element elementor-element-717e298 sticky-navigation elementor-hidden-tablet elementor-hidden-mobile elementor-widget elementor-widget-elementskit-stylish-list\" data-id=\"717e298\" data-element_type=\"widget\" data-e-type=\"widget\" data-settings=\"{&quot;ekit_we_effect_on&quot;:&quot;none&quot;}\" data-widget_type=\"elementskit-stylish-list.default\">\n\t\t\t\t<div class=\"elementor-widget-container\">\n\t\t\t\t\t<div class=\"ekit-wid-con\">\t\t<ul class=\"ekit-stylish-list\" >\n\t\t\t\t\t\t\t<li class=\"ekit-stylish-list-content-wrapper elementor-repeater-item-dbd1c0d\" >\n\t\t\t\t\t\t\t\t\t\t\t<a class=\"ekit-wrapper-link\" href=\"#section1\"><\/a>\n\t\t\t\t\t\t\t\t\t\t<div class=\"ekit-stylish-list-content\">\n\t\t\t\t\t\t\t\t\t\t\t\t\t\t\t\t\t\t\t\t\t\t\t\t<div class=\"ekit-stylish-list-content-text\">\n\t\t\t\t\t\t\t<span class=\"ekit-stylish-list-content-title\">Asmens duomen\u0173 apsaugos principai<\/span>\n\t\t\t\t\t\t\t\t\t\t\t\t\t<\/div>\n\t\t\t\t\t\t\t\t\t\t\t<\/div>\n\t\t\t\t\t\n\t\t\t\t<\/li>\n\t\t\t\t\t\t\t\t\t\t\t<li class=\"ekit-stylish-list-content-wrapper elementor-repeater-item-ff908b5\" >\n\t\t\t\t\t\t\t\t\t\t\t<a class=\"ekit-wrapper-link\" href=\"#section2\"><\/a>\n\t\t\t\t\t\t\t\t\t\t<div class=\"ekit-stylish-list-content\">\n\t\t\t\t\t\t\t\t\t\t\t\t\t\t\t\t\t\t\t\t\t\t\t\t<div class=\"ekit-stylish-list-content-text\">\n\t\t\t\t\t\t\t<span class=\"ekit-stylish-list-content-title\">Kas yra asmens duomenys?<\/span>\n\t\t\t\t\t\t\t\t\t\t\t\t\t<\/div>\n\t\t\t\t\t\t\t\t\t\t\t<\/div>\n\t\t\t\t\t\n\t\t\t\t<\/li>\n\t\t\t\t\t\t\t\t\t\t\t<li class=\"ekit-stylish-list-content-wrapper elementor-repeater-item-832abad\" >\n\t\t\t\t\t\t\t\t\t\t\t<a class=\"ekit-wrapper-link\" href=\"#section3\"><\/a>\n\t\t\t\t\t\t\t\t\t\t<div class=\"ekit-stylish-list-content\">\n\t\t\t\t\t\t\t\t\t\t\t\t\t\t\t\t\t\t\t\t\t\t\t\t<div class=\"ekit-stylish-list-content-text\">\n\t\t\t\t\t\t\t<span class=\"ekit-stylish-list-content-title\">Kas yra asmens duomen\u0173 tvarkymas?<\/span>\n\t\t\t\t\t\t\t\t\t\t\t\t\t<\/div>\n\t\t\t\t\t\t\t\t\t\t\t<\/div>\n\t\t\t\t\t\n\t\t\t\t<\/li>\n\t\t\t\t\t\t\t\t\t\t\t<li class=\"ekit-stylish-list-content-wrapper elementor-repeater-item-4452293\" >\n\t\t\t\t\t\t\t\t\t\t\t<a class=\"ekit-wrapper-link\" href=\"#section4\"><\/a>\n\t\t\t\t\t\t\t\t\t\t<div class=\"ekit-stylish-list-content\">\n\t\t\t\t\t\t\t\t\t\t\t\t\t\t\t\t\t\t\t\t\t\t\t\t<div class=\"ekit-stylish-list-content-text\">\n\t\t\t\t\t\t\t<span class=\"ekit-stylish-list-content-title\">Kas yra BDAR?<\/span>\n\t\t\t\t\t\t\t\t\t\t\t\t\t<\/div>\n\t\t\t\t\t\t\t\t\t\t\t<\/div>\n\t\t\t\t\t\n\t\t\t\t<\/li>\n\t\t\t\t\t\t\t\t\t<\/ul>\n\t<\/div>\t\t\t\t<\/div>\n\t\t\t\t<\/div>\n\t\t\t\t<\/div>\n\t\t\t\t<\/div>\n\t\t<div class=\"elementor-element elementor-element-5f0b8f2 e-con-full e-flex e-con e-child\" data-id=\"5f0b8f2\" data-element_type=\"container\" data-e-type=\"container\" data-settings=\"{&quot;ekit_has_onepagescroll_dot&quot;:&quot;yes&quot;}\">\n\t\t<div class=\"elementor-element elementor-element-7a76b6a e-con-full sticky-section e-flex e-con e-child\" data-id=\"7a76b6a\" data-element_type=\"container\" data-e-type=\"container\" id=\"section1\" data-settings=\"{&quot;ekit_has_onepagescroll_dot&quot;:&quot;yes&quot;}\">\n\t\t<div class=\"elementor-element elementor-element-9143ab6 e-con-full e-flex e-con e-child\" data-id=\"9143ab6\" data-element_type=\"container\" data-e-type=\"container\" data-settings=\"{&quot;ekit_has_onepagescroll_dot&quot;:&quot;yes&quot;}\">\n\t\t\t\t<div class=\"elementor-element elementor-element-016045d elementor-widget elementor-widget-elementskit-heading\" data-id=\"016045d\" data-element_type=\"widget\" data-e-type=\"widget\" data-settings=\"{&quot;ekit_we_effect_on&quot;:&quot;none&quot;}\" data-widget_type=\"elementskit-heading.default\">\n\t\t\t\t<div class=\"elementor-widget-container\">\n\t\t\t\t\t<div class=\"ekit-wid-con\" ><div class=\"ekit-heading elementskit-section-title-wraper text_left   ekit_heading_tablet-   ekit_heading_mobile-\"><h3 class=\"ekit-heading--title elementskit-section-title\">Asmens duomen\u0173 apsaugos principai<\/h3><\/div><\/div>\t\t\t\t<\/div>\n\t\t\t\t<\/div>\n\t\t\t\t<\/div>\n\t\t<div class=\"elementor-element elementor-element-c3f2e8a e-con-full e-flex e-con e-child\" data-id=\"c3f2e8a\" data-element_type=\"container\" data-e-type=\"container\" data-settings=\"{&quot;ekit_has_onepagescroll_dot&quot;:&quot;yes&quot;}\">\n\t\t\t\t<div class=\"elementor-element elementor-element-cf8b701 elementor-widget elementor-widget-text-editor\" data-id=\"cf8b701\" data-element_type=\"widget\" data-e-type=\"widget\" data-settings=\"{&quot;ekit_we_effect_on&quot;:&quot;none&quot;}\" data-widget_type=\"text-editor.default\">\n\t\t\t\t<div class=\"elementor-widget-container\">\n\t\t\t\t\t\t\t\t\t<main><\/main><section class=\"text-content-section\"><div class=\"container\"><div class=\"text-content\"><p>\u0160ioje privatumo politikoje paai\u0161kinama, kaip \u201eFinbite O\u00dc\u201c (toliau \u2013 \u201eFinbite\u201c) tvarko, naudoja ir saugo asmens duomenis, surinktus per \u201eBilnex.io\u201c (toliau \u2013 \u201eBilnex\u201c) platform\u0105. Teikdama paslaugas klientams \u201eBilnex\u201c platformoje, \u201eFinbite\u201c yra duomen\u0173 valdytojas. Kokie duomenys apie klient\u0105 renkami, priklauso nuo kliento naudojamos paslaugos.<\/p><p>Tvarkydami asmens duomenis, skiriame didel\u012f d\u0117mes\u012f tam, kad m\u016bs\u0173 klient\u0173 asmens duomenys b\u016bt\u0173 saugiai apsaugoti ir tvarkomi laikantis duomen\u0173 apsaugos princip\u0173. Klient\u0173 duomenys tvarkomi laikantis Asmens duomen\u0173 apsaugos \u012fstatymo, Bendrojo duomen\u0173 apsaugos reglamento ir kit\u0173 teis\u0117s akt\u0173.<\/p><p>Daugiau informacijos apie duomen\u0173, surinkt\u0173 per \u201eBilnex\u201c platform\u0105, tvarkym\u0105 rasite apsilank\u0119 \u201eFinbite\u201c. <span style=\"text-decoration: underline;\"><a href=\"https:\/\/finbite.eu\/wp-content\/uploads\/2023\/03\/20220825-finbite-isikuandmete-tootlemise-pohimotted.pdf\" data-type=\"URL\" data-id=\"https:\/\/finbite.eu\/wp-content\/uploads\/2023\/03\/20220825-finbite-isikuandmete-tootlemise-pohimotted.pdf\">Asmens duomen\u0173 tvarkymo principai<\/a>.<\/span><\/p><p>\u201eFinbite\u201c ir \u201eBilnex\u201c turi teis\u0119 viena\u0161ali\u0161kai keisti \u0161iuos Principus, prane\u0161damos apie tai klientui <span style=\"text-decoration: underline;\"><a href=\"http:\/\/www.finbite.eu\">www.finbite.eu<\/a> <\/span>arba <span style=\"text-decoration: underline;\"><a href=\"https:\/\/bilnex.io\/lt\/\">www.bilnex.io<\/a><\/span> per socialinius tinklus ar bet kokiu kitu b\u016bdu. Papildomus klausimus apie asmens duomen\u0173 apsaug\u0105 galite si\u0173sti el. pa\u0161tu <a href=\"mailto:support@bilnex.io\">support@bilnex.io<\/a><\/p><\/div><\/div><\/section>\t\t\t\t\t\t\t\t<\/div>\n\t\t\t\t<\/div>\n\t\t\t\t<\/div>\n\t\t\t\t<\/div>\n\t\t<div class=\"elementor-element elementor-element-0e276e0 e-con-full sticky-section e-flex e-con e-child\" data-id=\"0e276e0\" data-element_type=\"container\" data-e-type=\"container\" id=\"section2\" data-settings=\"{&quot;ekit_has_onepagescroll_dot&quot;:&quot;yes&quot;}\">\n\t\t<div class=\"elementor-element elementor-element-702f2d6 e-con-full e-flex e-con e-child\" data-id=\"702f2d6\" data-element_type=\"container\" data-e-type=\"container\" data-settings=\"{&quot;ekit_has_onepagescroll_dot&quot;:&quot;yes&quot;}\">\n\t\t\t\t<div class=\"elementor-element elementor-element-e936a52 elementor-widget elementor-widget-spacer\" data-id=\"e936a52\" data-element_type=\"widget\" data-e-type=\"widget\" data-settings=\"{&quot;ekit_we_effect_on&quot;:&quot;none&quot;}\" data-widget_type=\"spacer.default\">\n\t\t\t\t<div class=\"elementor-widget-container\">\n\t\t\t\t\t\t\t<div class=\"elementor-spacer\">\n\t\t\t<div class=\"elementor-spacer-inner\"><\/div>\n\t\t<\/div>\n\t\t\t\t\t\t<\/div>\n\t\t\t\t<\/div>\n\t\t\t\t<div class=\"elementor-element elementor-element-b06aa45 elementor-widget elementor-widget-elementskit-heading\" data-id=\"b06aa45\" data-element_type=\"widget\" data-e-type=\"widget\" data-settings=\"{&quot;ekit_we_effect_on&quot;:&quot;none&quot;}\" data-widget_type=\"elementskit-heading.default\">\n\t\t\t\t<div class=\"elementor-widget-container\">\n\t\t\t\t\t<div class=\"ekit-wid-con\" ><div class=\"ekit-heading elementskit-section-title-wraper text_left   ekit_heading_tablet-   ekit_heading_mobile-\"><h3 class=\"ekit-heading--title elementskit-section-title\">Kas yra asmens duomenys?<\/h3><\/div><\/div>\t\t\t\t<\/div>\n\t\t\t\t<\/div>\n\t\t\t\t<\/div>\n\t\t<div class=\"elementor-element elementor-element-cdbdff2 e-con-full e-flex e-con e-child\" data-id=\"cdbdff2\" data-element_type=\"container\" data-e-type=\"container\" data-settings=\"{&quot;ekit_has_onepagescroll_dot&quot;:&quot;yes&quot;}\">\n\t\t\t\t<div class=\"elementor-element elementor-element-1e9d00c elementor-widget elementor-widget-text-editor\" data-id=\"1e9d00c\" data-element_type=\"widget\" data-e-type=\"widget\" data-settings=\"{&quot;ekit_we_effect_on&quot;:&quot;none&quot;}\" data-widget_type=\"text-editor.default\">\n\t\t\t\t<div class=\"elementor-widget-container\">\n\t\t\t\t\t\t\t\t\t<p class=\"wp-block-heading\">Asmens duomenys yra bet kokia informacija apie identifikuot\u0105 arba identifikuojam\u0105 fizin\u012f asmen\u012f. Jei duomenys gali b\u016bti naudojami atskirti vien\u0105 asmen\u012f nuo kit\u0173 asmen\u0173, grei\u010diausiai tai yra asmens duomenys. Be asmens vardo, asmens identifikavimo numerio, el. pa\u0161to adreso ir internetinio identifikatoriaus, asmens duomenys taip pat gali apimti bet kokius kitus duomenis, kurie i\u0161rei\u0161kia asmens fizines, psichines, fiziologines, ekonomines, kult\u016brines ar socialines savybes, ry\u0161ius ir priklausomyb\u0119.<\/p>\t\t\t\t\t\t\t\t<\/div>\n\t\t\t\t<\/div>\n\t\t\t\t<\/div>\n\t\t\t\t<\/div>\n\t\t<div class=\"elementor-element elementor-element-2d6a5ff e-con-full sticky-section e-flex e-con e-child\" data-id=\"2d6a5ff\" data-element_type=\"container\" data-e-type=\"container\" id=\"section3\" data-settings=\"{&quot;ekit_has_onepagescroll_dot&quot;:&quot;yes&quot;}\">\n\t\t<div class=\"elementor-element elementor-element-86f6536 e-con-full e-flex e-con e-child\" data-id=\"86f6536\" data-element_type=\"container\" data-e-type=\"container\" data-settings=\"{&quot;ekit_has_onepagescroll_dot&quot;:&quot;yes&quot;}\">\n\t\t\t\t<div class=\"elementor-element elementor-element-1307117 elementor-widget elementor-widget-spacer\" data-id=\"1307117\" data-element_type=\"widget\" data-e-type=\"widget\" data-settings=\"{&quot;ekit_we_effect_on&quot;:&quot;none&quot;}\" data-widget_type=\"spacer.default\">\n\t\t\t\t<div class=\"elementor-widget-container\">\n\t\t\t\t\t\t\t<div class=\"elementor-spacer\">\n\t\t\t<div class=\"elementor-spacer-inner\"><\/div>\n\t\t<\/div>\n\t\t\t\t\t\t<\/div>\n\t\t\t\t<\/div>\n\t\t\t\t<div class=\"elementor-element elementor-element-cb1e0eb elementor-widget elementor-widget-elementskit-heading\" data-id=\"cb1e0eb\" data-element_type=\"widget\" data-e-type=\"widget\" data-settings=\"{&quot;ekit_we_effect_on&quot;:&quot;none&quot;}\" data-widget_type=\"elementskit-heading.default\">\n\t\t\t\t<div class=\"elementor-widget-container\">\n\t\t\t\t\t<div class=\"ekit-wid-con\" ><div class=\"ekit-heading elementskit-section-title-wraper text_left   ekit_heading_tablet-   ekit_heading_mobile-\"><h3 class=\"ekit-heading--title elementskit-section-title\">Kas yra asmens duomen\u0173 tvarkymas?<\/h3><\/div><\/div>\t\t\t\t<\/div>\n\t\t\t\t<\/div>\n\t\t\t\t<\/div>\n\t\t<div class=\"elementor-element elementor-element-b11c80d e-con-full e-flex e-con e-child\" data-id=\"b11c80d\" data-element_type=\"container\" data-e-type=\"container\" data-settings=\"{&quot;ekit_has_onepagescroll_dot&quot;:&quot;yes&quot;}\">\n\t\t\t\t<div class=\"elementor-element elementor-element-3233c69 elementor-widget elementor-widget-text-editor\" data-id=\"3233c69\" data-element_type=\"widget\" data-e-type=\"widget\" data-settings=\"{&quot;ekit_we_effect_on&quot;:&quot;none&quot;}\" data-widget_type=\"text-editor.default\">\n\t\t\t\t<div class=\"elementor-widget-container\">\n\t\t\t\t\t\t\t\t\t<p>Asmens duomen\u0173 tvarkymas yra bet kokia su asmens duomenimis atliekama operacija. Tai apima, pavyzd\u017eiui, duomen\u0173 rinkim\u0105, saugojim\u0105, perdavim\u0105, keitim\u0105, i\u0161trynim\u0105, tvarkym\u0105 ar tiesiog skaitym\u0105.<\/p>\t\t\t\t\t\t\t\t<\/div>\n\t\t\t\t<\/div>\n\t\t\t\t<\/div>\n\t\t\t\t<\/div>\n\t\t<div class=\"elementor-element elementor-element-53424fa e-con-full sticky-section e-flex e-con e-child\" data-id=\"53424fa\" data-element_type=\"container\" data-e-type=\"container\" id=\"section4\" data-settings=\"{&quot;ekit_has_onepagescroll_dot&quot;:&quot;yes&quot;}\">\n\t\t<div class=\"elementor-element elementor-element-16286ae e-con-full e-flex e-con e-child\" data-id=\"16286ae\" data-element_type=\"container\" data-e-type=\"container\" data-settings=\"{&quot;ekit_has_onepagescroll_dot&quot;:&quot;yes&quot;}\">\n\t\t\t\t<div class=\"elementor-element elementor-element-4d36ae1 elementor-widget elementor-widget-spacer\" data-id=\"4d36ae1\" data-element_type=\"widget\" data-e-type=\"widget\" data-settings=\"{&quot;ekit_we_effect_on&quot;:&quot;none&quot;}\" data-widget_type=\"spacer.default\">\n\t\t\t\t<div class=\"elementor-widget-container\">\n\t\t\t\t\t\t\t<div class=\"elementor-spacer\">\n\t\t\t<div class=\"elementor-spacer-inner\"><\/div>\n\t\t<\/div>\n\t\t\t\t\t\t<\/div>\n\t\t\t\t<\/div>\n\t\t\t\t<div class=\"elementor-element elementor-element-035e5eb elementor-widget elementor-widget-elementskit-heading\" data-id=\"035e5eb\" data-element_type=\"widget\" data-e-type=\"widget\" data-settings=\"{&quot;ekit_we_effect_on&quot;:&quot;none&quot;}\" data-widget_type=\"elementskit-heading.default\">\n\t\t\t\t<div class=\"elementor-widget-container\">\n\t\t\t\t\t<div class=\"ekit-wid-con\" ><div class=\"ekit-heading elementskit-section-title-wraper text_left   ekit_heading_tablet-   ekit_heading_mobile-\"><h3 class=\"ekit-heading--title elementskit-section-title\">Kas yra Bendrasis duomen\u0173 apsaugos reglamentas (BDAR)?<\/h3><\/div><\/div>\t\t\t\t<\/div>\n\t\t\t\t<\/div>\n\t\t\t\t<\/div>\n\t\t<div class=\"elementor-element elementor-element-e1db675 e-con-full e-flex e-con e-child\" data-id=\"e1db675\" data-element_type=\"container\" data-e-type=\"container\" data-settings=\"{&quot;ekit_has_onepagescroll_dot&quot;:&quot;yes&quot;}\">\n\t\t\t\t<div class=\"elementor-element elementor-element-f7d2062 elementor-widget elementor-widget-text-editor\" data-id=\"f7d2062\" data-element_type=\"widget\" data-e-type=\"widget\" data-settings=\"{&quot;ekit_we_effect_on&quot;:&quot;none&quot;}\" data-widget_type=\"text-editor.default\">\n\t\t\t\t<div class=\"elementor-widget-container\">\n\t\t\t\t\t\t\t\t\t<p><span lang=\"en-GB\">Bendrasis duomen\u0173 apsaugos reglamentas (BDAR) asmens duomen\u0173 tvarkymui taikomas nuo 2018 m. gegu\u017e\u0117s 25 d. Reglamentas taikomas tiesiogiai ir juo siekiama u\u017etikrinti geresn\u0119 asmens duomen\u0173 apsaug\u0105 suteikiant asmenims daugiau kontrol\u0117s d\u0117l savo duomen\u0173. Reglamentas buvo paskelbtas Europos S\u0105jungos oficialiajame leidinyje.\u00a0<\/span><a href=\"https:\/\/eur-lex.europa.eu\/legal-content\/ET\/TXT\/PDF\/?uri=OJ:L:2016:119:FULL&amp;from=ET\"><span lang=\"et\"><span style=\"text-decoration: underline;\">2016-05-04<\/span><\/span><\/a><span lang=\"en-GB\">.<\/span><\/p>\t\t\t\t\t\t\t\t<\/div>\n\t\t\t\t<\/div>\n\t\t\t\t<div class=\"elementor-element elementor-element-ccda286 elementor-widget elementor-widget-html\" data-id=\"ccda286\" data-element_type=\"widget\" data-e-type=\"widget\" data-settings=\"{&quot;ekit_we_effect_on&quot;:&quot;none&quot;}\" data-widget_type=\"html.default\">\n\t\t\t\t<div class=\"elementor-widget-container\">\n\t\t\t\t\t<script id=\"CookieDeclaration\" src=\"https:\/\/consent.cookiebot.com\/2c49aa29-3a09-4450-8327-aa983b1dcf69\/cd.js\" type=\"text\/javascript\" async><\/script>\t\t\t\t<\/div>\n\t\t\t\t<\/div>\n\t\t\t\t<\/div>\n\t\t\t\t<\/div>\n\t\t<div class=\"elementor-element elementor-element-55bc7aa e-con-full sticky-section e-flex e-con e-child\" data-id=\"55bc7aa\" data-element_type=\"container\" data-e-type=\"container\" id=\"section7\" data-settings=\"{&quot;ekit_has_onepagescroll_dot&quot;:&quot;yes&quot;}\">\n\t\t<div class=\"elementor-element elementor-element-daa3f10 e-con-full e-flex e-con e-child\" data-id=\"daa3f10\" data-element_type=\"container\" data-e-type=\"container\" data-settings=\"{&quot;ekit_has_onepagescroll_dot&quot;:&quot;yes&quot;}\">\n\t\t\t\t<div class=\"elementor-element elementor-element-2602955 elementor-widget elementor-widget-spacer\" data-id=\"2602955\" data-element_type=\"widget\" data-e-type=\"widget\" data-settings=\"{&quot;ekit_we_effect_on&quot;:&quot;none&quot;}\" data-widget_type=\"spacer.default\">\n\t\t\t\t<div class=\"elementor-widget-container\">\n\t\t\t\t\t\t\t<div class=\"elementor-spacer\">\n\t\t\t<div class=\"elementor-spacer-inner\"><\/div>\n\t\t<\/div>\n\t\t\t\t\t\t<\/div>\n\t\t\t\t<\/div>\n\t\t\t\t<\/div>\n\t\t\t\t<\/div>\n\t\t\t\t<\/div>\n\t\t\t\t\t<\/div>\n\t\t\t\t<\/div>\n\t\t\t\t<\/div>","protected":false},"excerpt":{"rendered":"<p>Privaatsuspoliitika Viimati uuendatud 14. juulil 2025 Isikuandmete kaitse p\u00f5him\u00f5tted Mis on isikuandmed? Mis on isikuandmete t\u00f6\u00f6tlemine? Mis on GDPR? Isikuandmete kaitse p\u00f5him\u00f5tted K\u00e4esolev privaatsuspoliitika selgitab, kuidas Bilnex.io (edaspidi Bilnex) platvormi kaudu kogutud isikuandmeid t\u00f6\u00f6tleb, kasutab ja kaitseb Finbite O\u00dc (edaspidi Finbite).\u00a0 Klientidele Bilnex platvormil teenuseid pakkudes on iskuandmete vastutavaks t\u00f6\u00f6tlejaks Finbite. Milliseid andmeid kliendi kohta [&hellip;]<\/p>\n","protected":false},"author":2,"featured_media":0,"parent":0,"menu_order":0,"comment_status":"closed","ping_status":"closed","template":"","meta":{"footnotes":""},"class_list":["post-27265","page","type-page","status-publish","hentry"],"_links":{"self":[{"href":"https:\/\/bilnex.io\/lt\/wp-json\/wp\/v2\/pages\/27265","targetHints":{"allow":["GET"]}}],"collection":[{"href":"https:\/\/bilnex.io\/lt\/wp-json\/wp\/v2\/pages"}],"about":[{"href":"https:\/\/bilnex.io\/lt\/wp-json\/wp\/v2\/types\/page"}],"author":[{"embeddable":true,"href":"https:\/\/bilnex.io\/lt\/wp-json\/wp\/v2\/users\/2"}],"replies":[{"embeddable":true,"href":"https:\/\/bilnex.io\/lt\/wp-json\/wp\/v2\/comments?post=27265"}],"version-history":[{"count":25,"href":"https:\/\/bilnex.io\/lt\/wp-json\/wp\/v2\/pages\/27265\/revisions"}],"predecessor-version":[{"id":28430,"href":"https:\/\/bilnex.io\/lt\/wp-json\/wp\/v2\/pages\/27265\/revisions\/28430"}],"wp:attachment":[{"href":"https:\/\/bilnex.io\/lt\/wp-json\/wp\/v2\/media?parent=27265"}],"curies":[{"name":"wp","href":"https:\/\/api.w.org\/{rel}","templated":true}]}}