{"id":27273,"date":"2024-10-02T13:41:05","date_gmt":"2024-10-02T13:41:05","guid":{"rendered":"https:\/\/joule.keydesign.xyz\/ai-dev-tool\/?page_id=27273"},"modified":"2025-08-12T12:20:21","modified_gmt":"2025-08-12T12:20:21","slug":"kontaktas","status":"publish","type":"page","link":"https:\/\/bilnex.io\/lt\/kontaktas\/","title":{"rendered":"Apie mus"},"content":{"rendered":"<div data-elementor-type=\"wp-page\" data-elementor-id=\"27273\" class=\"elementor elementor-27273\" data-elementor-post-type=\"page\">\n\t\t\t\t<div class=\"elementor-element elementor-element-e05a58d e-flex e-con-boxed e-con e-parent\" data-id=\"e05a58d\" data-element_type=\"container\" data-e-type=\"container\">\n\t\t\t\t\t<div class=\"e-con-inner\">\n\t\t<div class=\"elementor-element elementor-element-acf7c25 e-con-full e-flex e-con e-child\" data-id=\"acf7c25\" data-element_type=\"container\" data-e-type=\"container\" data-settings=\"{&quot;ekit_has_onepagescroll_dot&quot;:&quot;yes&quot;}\">\n\t\t\t\t<div class=\"elementor-element elementor-element-5aa3502 animated-fast elementor-invisible elementor-widget elementor-widget-elementskit-heading\" data-id=\"5aa3502\" data-element_type=\"widget\" data-e-type=\"widget\" data-settings=\"{&quot;_animation&quot;:&quot;fadeIn&quot;,&quot;_animation_delay&quot;:100,&quot;ekit_we_effect_on&quot;:&quot;css&quot;}\" data-widget_type=\"elementskit-heading.default\">\n\t\t\t\t<div class=\"elementor-widget-container\">\n\t\t\t\t\t<div class=\"ekit-wid-con\" ><div class=\"ekit-heading elementskit-section-title-wraper text_center   ekit_heading_tablet-   ekit_heading_mobile-text_center\"><h1 class=\"ekit-heading--title elementskit-section-title\">Nedvejodami susisiekite su mumis.<\/h1>\t\t\t\t<div class='ekit-heading__description'>\n\t\t\t\t\t<p>Ar nor\u0117tum\u0117te gauti daugiau informacijos arba aptarti, kaip \u201eBilnex\u201c gal\u0117t\u0173 pad\u0117ti j\u016bs\u0173 \u012fmonei? Para\u0161ykite mums ir mes netrukus su jumis susisieksime.<\/p>\n\t\t\t\t<\/div>\n\t\t\t<\/div><\/div>\t\t\t\t<\/div>\n\t\t\t\t<\/div>\n\t\t\t\t<\/div>\n\t\t\t\t\t<\/div>\n\t\t\t\t<\/div>\n\t\t<div class=\"elementor-element elementor-element-d229009 e-flex e-con-boxed e-con e-parent\" data-id=\"d229009\" data-element_type=\"container\" data-e-type=\"container\" data-settings=\"{&quot;background_background&quot;:&quot;classic&quot;,&quot;ekit_has_onepagescroll_dot&quot;:&quot;yes&quot;}\">\n\t\t\t\t\t<div class=\"e-con-inner\">\n\t\t<div class=\"elementor-element elementor-element-ac700c2 e-con-full e-flex e-con e-child\" data-id=\"ac700c2\" data-element_type=\"container\" data-e-type=\"container\" data-settings=\"{&quot;ekit_has_onepagescroll_dot&quot;:&quot;yes&quot;}\">\n\t\t<div class=\"elementor-element elementor-element-028ca8f e-con-full animated-fast e-flex elementor-invisible e-con e-child\" data-id=\"028ca8f\" data-element_type=\"container\" data-e-type=\"container\" data-settings=\"{&quot;background_background&quot;:&quot;classic&quot;,&quot;animation&quot;:&quot;fadeInUp&quot;,&quot;animation_delay&quot;:100,&quot;ekit_has_onepagescroll_dot&quot;:&quot;yes&quot;}\">\n\t\t<div class=\"elementor-element elementor-element-2044b11 e-con-full e-flex e-con e-child\" data-id=\"2044b11\" data-element_type=\"container\" data-e-type=\"container\" data-settings=\"{&quot;background_background&quot;:&quot;classic&quot;,&quot;ekit_has_onepagescroll_dot&quot;:&quot;yes&quot;}\">\n\t\t\t\t<div class=\"elementor-element elementor-element-9789e56 animated-fast ekit-equal-height-disable elementor-invisible elementor-widget elementor-widget-elementskit-icon-box\" data-id=\"9789e56\" data-element_type=\"widget\" data-e-type=\"widget\" data-settings=\"{&quot;_animation_delay&quot;:200,&quot;_animation&quot;:&quot;fadeInUp&quot;,&quot;ekit_we_effect_on&quot;:&quot;none&quot;}\" data-widget_type=\"elementskit-icon-box.default\">\n\t\t\t\t<div class=\"elementor-widget-container\">\n\t\t\t\t\t<div class=\"ekit-wid-con\" >        <!-- link opening -->\n                <!-- end link opening -->\n\n        <div class=\"elementskit-infobox text-left text-left icon-lef-right-aligin elementor-animation- media\">\n                    <div class=\"elementskit-box-header elementor-animation-\">\n                <div class=\"elementskit-info-box-icon  text-center\">\n                    <i aria-hidden=\"true\" class=\"elementkit-infobox-icon icon icon-inbox1\"><\/i>\n                <\/div>\n          <\/div>\n                        <div class=\"box-body\">\n                            <div class=\"elementskit-info-box-title\">\n                    Klient\u0173 aptarnavimas                <\/div>\n                        \t\t  \t<p>Jei reikia, papra\u0161ykite pagalbos.<\/p>\n                                <\/div>\n        \n        \n                <\/div>\n        <\/div>\t\t\t\t<\/div>\n\t\t\t\t<\/div>\n\t\t\t\t<div class=\"elementor-element elementor-element-0392f16 animated-fast ekit-equal-height-disable elementor-invisible elementor-widget elementor-widget-elementskit-icon-box\" data-id=\"0392f16\" data-element_type=\"widget\" data-e-type=\"widget\" data-settings=\"{&quot;_animation_delay&quot;:200,&quot;_animation&quot;:&quot;fadeInUp&quot;,&quot;ekit_we_effect_on&quot;:&quot;none&quot;}\" data-widget_type=\"elementskit-icon-box.default\">\n\t\t\t\t<div class=\"elementor-widget-container\">\n\t\t\t\t\t<div class=\"ekit-wid-con\" >        <!-- link opening -->\n                <!-- end link opening -->\n\n        <div class=\"elementskit-infobox text-left text-left icon-lef-right-aligin elementor-animation- media\">\n                    <div class=\"elementskit-box-header elementor-animation-\">\n                <div class=\"elementskit-info-box-icon  text-center\">\n                    <i aria-hidden=\"true\" class=\"elementkit-infobox-icon icon icon-envelope2\"><\/i>\n                <\/div>\n          <\/div>\n                        <div class=\"box-body\">\n                            <div class=\"elementskit-info-box-title\">\n                    Atsiliepimai                <\/div>\n                        \t\t  \t<p>Pasidalinkite savo pasi\u016blymais.<\/p>\n                                <\/div>\n        \n        \n                <\/div>\n        <\/div>\t\t\t\t<\/div>\n\t\t\t\t<\/div>\n\t\t\t\t<div class=\"elementor-element elementor-element-f4ead0c animated-fast ekit-equal-height-disable elementor-invisible elementor-widget elementor-widget-elementskit-icon-box\" data-id=\"f4ead0c\" data-element_type=\"widget\" data-e-type=\"widget\" data-settings=\"{&quot;_animation_delay&quot;:200,&quot;_animation&quot;:&quot;fadeInUp&quot;,&quot;ekit_we_effect_on&quot;:&quot;none&quot;}\" data-widget_type=\"elementskit-icon-box.default\">\n\t\t\t\t<div class=\"elementor-widget-container\">\n\t\t\t\t\t<div class=\"ekit-wid-con\" >        <!-- link opening -->\n                <!-- end link opening -->\n\n        <div class=\"elementskit-infobox text-left text-left icon-lef-right-aligin elementor-animation- media\">\n                    <div class=\"elementskit-box-header elementor-animation-\">\n                <div class=\"elementskit-info-box-icon  text-center\">\n                    <i aria-hidden=\"true\" class=\"elementkit-infobox-icon icon icon-chat\"><\/i>\n                <\/div>\n          <\/div>\n                        <div class=\"box-body\">\n                            <div class=\"elementskit-info-box-title\">\n                    Prane\u0161ti apie klaid\u0105                <\/div>\n                        \t\t  \t<p>Prane\u0161kite, mes tai sutvarkysime.<\/p>\n                                <\/div>\n        \n        \n                <\/div>\n        <\/div>\t\t\t\t<\/div>\n\t\t\t\t<\/div>\n\t\t\t\t<div class=\"elementor-element elementor-element-ef753a3 animated-fast ekit-equal-height-disable elementor-invisible elementor-widget elementor-widget-elementskit-icon-box\" data-id=\"ef753a3\" data-element_type=\"widget\" data-e-type=\"widget\" data-settings=\"{&quot;_animation_delay&quot;:200,&quot;_animation&quot;:&quot;fadeInUp&quot;,&quot;ekit_we_effect_on&quot;:&quot;none&quot;}\" data-widget_type=\"elementskit-icon-box.default\">\n\t\t\t\t<div class=\"elementor-widget-container\">\n\t\t\t\t\t<div class=\"ekit-wid-con\" >        <!-- link opening -->\n                <!-- end link opening -->\n\n        <div class=\"elementskit-infobox text-left text-left icon-lef-right-aligin elementor-animation- media\">\n                    <div class=\"elementskit-box-header elementor-animation-\">\n                <div class=\"elementskit-info-box-icon  text-center\">\n                    <i aria-hidden=\"true\" class=\"elementkit-infobox-icon icon icon-earth\"><\/i>\n                <\/div>\n          <\/div>\n                        <div class=\"box-body\">\n                            <div class=\"elementskit-info-box-title\">\n                    Bendruomen\u0117                <\/div>\n                        \t\t  \t<p>Klauskite kit\u0173 patarimo.<\/p>\n                                <\/div>\n        \n        \n                <\/div>\n        <\/div>\t\t\t\t<\/div>\n\t\t\t\t<\/div>\n\t\t\t\t<\/div>\n\t\t<div class=\"elementor-element elementor-element-ebf56fe e-con-full e-flex e-con e-child\" data-id=\"ebf56fe\" data-element_type=\"container\" data-e-type=\"container\" data-settings=\"{&quot;background_background&quot;:&quot;classic&quot;,&quot;ekit_has_onepagescroll_dot&quot;:&quot;yes&quot;}\">\n\t\t\t\t<div class=\"elementor-element elementor-element-1203b82 animated-fast elementor-invisible elementor-widget elementor-widget-elementskit-heading\" data-id=\"1203b82\" data-element_type=\"widget\" data-e-type=\"widget\" data-settings=\"{&quot;_animation&quot;:&quot;fadeIn&quot;,&quot;_animation_delay&quot;:200,&quot;ekit_we_effect_on&quot;:&quot;none&quot;}\" data-widget_type=\"elementskit-heading.default\">\n\t\t\t\t<div class=\"elementor-widget-container\">\n\t\t\t\t\t<div class=\"ekit-wid-con\" ><div class=\"ekit-heading elementskit-section-title-wraper text_left   ekit_heading_tablet-   ekit_heading_mobile-\"><h3 class=\"ekit-heading--title elementskit-section-title\">U\u017epildykite form\u0105 ir atsi\u0173skite mums lai\u0161k\u0105.<\/h3>\t\t\t\t<div class='ekit-heading__description'>\n\t\t\t\t\t<p>Atsakysime kuo grei\u010diau.<\/p>\n\t\t\t\t<\/div>\n\t\t\t<\/div><\/div>\t\t\t\t<\/div>\n\t\t\t\t<\/div>\n\t\t\t\t<div class=\"elementor-element elementor-element-13dc77d animated-fast elementor-invisible elementor-widget elementor-widget-elementskit-contact-form7\" data-id=\"13dc77d\" data-element_type=\"widget\" data-e-type=\"widget\" data-settings=\"{&quot;_animation_delay&quot;:300,&quot;_animation&quot;:&quot;fadeIn&quot;,&quot;ekit_we_effect_on&quot;:&quot;none&quot;}\" data-widget_type=\"elementskit-contact-form7.default\">\n\t\t\t\t<div class=\"elementor-widget-container\">\n\t\t\t\t\t<div class=\"ekit-wid-con\" ><div class=\"ekit-form\">\n<div class=\"wpcf7 no-js\" id=\"wpcf7-f8644-p27273-o1\" lang=\"en-US\" dir=\"ltr\" data-wpcf7-id=\"8644\">\n<div class=\"screen-reader-response\"><p role=\"status\" aria-live=\"polite\" aria-atomic=\"true\"><\/p> <ul><\/ul><\/div>\n<form action=\"\/lt\/kontaktas\/#wpcf7-f8644-p27273-o1\" method=\"post\" class=\"wpcf7-form init\" aria-label=\"Kontaktin\u0117 forma\" novalidate=\"novalidate\" data-status=\"init\" data-trp-original-action=\"\/contact\/#wpcf7-f8644-p27273-o1\">\n<fieldset class=\"hidden-fields-container\"><input type=\"hidden\" name=\"_wpcf7\" value=\"8644\" \/><input type=\"hidden\" name=\"_wpcf7_version\" value=\"6.1.5\" \/><input type=\"hidden\" name=\"_wpcf7_locale\" value=\"en_US\" \/><input type=\"hidden\" name=\"_wpcf7_unit_tag\" value=\"wpcf7-f8644-p27273-o1\" \/><input type=\"hidden\" name=\"_wpcf7_container_post\" value=\"27273\" \/><input type=\"hidden\" name=\"_wpcf7_posted_data_hash\" value=\"\" \/>\n<\/fieldset>\n<div class=\"inline-form\">\n\t<div class=\"keydesign-label\">\n\t\t<p><label>Vardas<\/label><span class=\"wpcf7-form-control-wrap\" data-name=\"your-name\"><input size=\"40\" maxlength=\"400\" class=\"wpcf7-form-control wpcf7-text wpcf7-validates-as-required\" aria-required=\"true\" aria-invalid=\"false\" value=\"\" type=\"text\" name=\"your-name\" \/><\/span>\n\t\t<\/p>\n\t<\/div>\n\t<div class=\"keydesign-label\">\n\t\t<p><label>El. pa\u0161tas<\/label><span class=\"wpcf7-form-control-wrap\" data-name=\"your-email\"><input size=\"40\" maxlength=\"400\" class=\"wpcf7-form-control wpcf7-email wpcf7-validates-as-required wpcf7-text wpcf7-validates-as-email\" aria-required=\"true\" aria-invalid=\"false\" value=\"\" type=\"email\" name=\"your-email\" \/><\/span>\n\t\t<\/p>\n\t<\/div>\n\t<div class=\"keydesign-label\">\n\t\t<p><label>Pavadinimas<\/label><span class=\"wpcf7-form-control-wrap\" data-name=\"your-subject\"><input size=\"40\" maxlength=\"400\" class=\"wpcf7-form-control wpcf7-text\" aria-invalid=\"false\" value=\"\" type=\"text\" name=\"your-subject\" \/><\/span>\n\t\t<\/p>\n\t<\/div>\n<\/div>\n<div class=\"keydesign-label\">\n\t<p><label>\u017dinut\u0117<\/label><span class=\"wpcf7-form-control-wrap\" data-name=\"your-sonum\"><textarea cols=\"40\" rows=\"10\" maxlength=\"2000\" class=\"wpcf7-form-control wpcf7-textarea\" aria-invalid=\"false\" name=\"your-sonum\"><\/textarea><\/span>\n\t<\/p>\n<\/div>\n<p><input class=\"wpcf7-form-control wpcf7-submit has-spinner\" type=\"submit\" value=\"Si\u0173sti\" \/>\n<\/p><div class=\"wpcf7-response-output\" aria-hidden=\"true\"><\/div>\n<input type=\"hidden\" name=\"trp-form-language\" value=\"lt\"\/><\/form>\n<\/div>\n<\/div><\/div>\t\t\t\t<\/div>\n\t\t\t\t<\/div>\n\t\t\t\t<\/div>\n\t\t\t\t<\/div>\n\t\t\t\t<\/div>\n\t\t\t\t\t<\/div>\n\t\t\t\t<\/div>\n\t\t<div class=\"elementor-element elementor-element-f62bb5d e-flex e-con-boxed e-con e-parent\" data-id=\"f62bb5d\" data-element_type=\"container\" data-e-type=\"container\" data-settings=\"{&quot;ekit_has_onepagescroll_dot&quot;:&quot;yes&quot;}\">\n\t\t\t\t\t<div class=\"e-con-inner\">\n\t\t<div class=\"elementor-element elementor-element-93d11ad e-con-full e-flex e-con e-child\" data-id=\"93d11ad\" data-element_type=\"container\" data-e-type=\"container\" data-settings=\"{&quot;ekit_has_onepagescroll_dot&quot;:&quot;yes&quot;}\">\n\t\t<div class=\"elementor-element elementor-element-f03d972 e-con-full e-flex e-con e-child\" data-id=\"f03d972\" data-element_type=\"container\" data-e-type=\"container\" data-settings=\"{&quot;ekit_has_onepagescroll_dot&quot;:&quot;yes&quot;}\">\n\t\t\t\t<div class=\"elementor-element elementor-element-2dea6c9 animated-fast elementor-invisible elementor-widget elementor-widget-elementskit-heading\" data-id=\"2dea6c9\" data-element_type=\"widget\" data-e-type=\"widget\" data-settings=\"{&quot;_animation&quot;:&quot;fadeIn&quot;,&quot;_animation_delay&quot;:200,&quot;ekit_we_effect_on&quot;:&quot;none&quot;}\" data-widget_type=\"elementskit-heading.default\">\n\t\t\t\t<div class=\"elementor-widget-container\">\n\t\t\t\t\t<div class=\"ekit-wid-con\" ><div class=\"ekit-heading elementskit-section-title-wraper text_center   ekit_heading_tablet-   ekit_heading_mobile-text_left\"><div class=\"elementskit-section-subtitle\">\n\t\t\t\t\t\t\u2022 PAGAMINTA \ud83c\uddea\ud83c\uddea\n\t\t\t\t\t<\/div><div class=\"ekit-heading--title elementskit-section-title\">I\u0161 Talino \u012f pasaul\u012f<\/div>\t\t\t\t<div class='ekit-heading__description'>\n\t\t\t\t\t<p>\u201eBilnex\u201c komanda Taline kuria patogius s\u0105skait\u0173 fakt\u016br\u0173 sprendimus augan\u010dioms \u012fmon\u0117ms visame pasaulyje.<\/p>\n\t\t\t\t<\/div>\n\t\t\t<\/div><\/div>\t\t\t\t<\/div>\n\t\t\t\t<\/div>\n\t\t\t\t<\/div>\n\t\t\t\t<\/div>\n\t\t<div class=\"elementor-element elementor-element-76b9175 e-flex e-con-boxed e-con e-child\" data-id=\"76b9175\" data-element_type=\"container\" data-e-type=\"container\" data-settings=\"{&quot;ekit_has_onepagescroll_dot&quot;:&quot;yes&quot;}\">\n\t\t\t\t\t<div class=\"e-con-inner\">\n\t\t\t\t<div class=\"elementor-element elementor-element-9d48b98 animated-fast elementor-invisible elementor-widget elementor-widget-elementskit-hotspot\" data-id=\"9d48b98\" data-element_type=\"widget\" data-e-type=\"widget\" data-settings=\"{&quot;_animation&quot;:&quot;fadeIn&quot;,&quot;_animation_delay&quot;:200,&quot;ekit_we_effect_on&quot;:&quot;none&quot;}\" data-widget_type=\"elementskit-hotspot.default\">\n\t\t\t\t<div class=\"elementor-widget-container\">\n\t\t\t\t\t<div class=\"ekit-wid-con\" >\n        <div class=\"ekit-location-groups\" data-breakpoints=\"{&quot;mobile&quot;:767,&quot;tablet&quot;:1024}\">\n            <div class=\"ekit-map-image text-center\">\n                <img decoding=\"async\" src=\"https:\/\/joule.keydesign.xyz\/ai-dev-tool\/wp-content\/uploads\/sites\/7\/2024\/12\/contact-map.png\" title=\"\" alt=\"\" class=\"\" \/>            <\/div>\n            <div class=\"ekit-location-wraper clearfix\">\n                \n<div class=\"ekit-location elementor-repeater-item-051a77a ekit-location-on-hover\">\n    <div class=\"ekit-location_outer\">\n        <div class=\"media ekit-flex-column ekit-location_inner\">\n            \n                            <div class='media-body'>\n                                        <h3 class=\"ekit-hotspot-title\">Talinas, Estija \ud83c\uddea\ud83c\uddea<\/h3>\n                                                            <div class=\"ekit-location-des\">\n                        <p>\u201eBilnex\u201c komanda dirba i\u0161 Talino \u2013 spartaus augimo ir i\u0161mani\u0173 sprendim\u0173 sostin\u0117s.<\/p>                    <\/div>\n                                    <\/div>\n                    <\/div>\n    <\/div>\n    <div class=\"ekit-location_indicator\">\n                    <div class=\"ekit_hotspot_pulse_1\"><\/div>\n            <div class=\"ekit_hotspot_pulse_2\"><\/div>\n                            <div class=\"ekit_hotspot_arrow\"><\/div>\n            <\/div>\n<\/div>            <\/div><!-- .location-wraper END -->\n        <\/div>\n    <\/div>\t\t\t\t<\/div>\n\t\t\t\t<\/div>\n\t\t\t\t\t<\/div>\n\t\t\t\t<\/div>\n\t\t\t\t\t<\/div>\n\t\t\t\t<\/div>\n\t\t<div class=\"elementor-element elementor-element-d084f59 e-flex e-con-boxed e-con e-parent\" data-id=\"d084f59\" data-element_type=\"container\" data-e-type=\"container\" data-settings=\"{&quot;background_background&quot;:&quot;classic&quot;,&quot;ekit_has_onepagescroll_dot&quot;:&quot;yes&quot;}\">\n\t\t\t\t\t<div class=\"e-con-inner\">\n\t\t<div class=\"elementor-element elementor-element-d32bd8c e-con-full e-flex e-con e-child\" data-id=\"d32bd8c\" data-element_type=\"container\" data-e-type=\"container\" data-settings=\"{&quot;ekit_has_onepagescroll_dot&quot;:&quot;yes&quot;}\">\n\t\t<div class=\"elementor-element elementor-element-a1a39d4 e-con-full animated-fast e-flex elementor-invisible e-con e-child\" data-id=\"a1a39d4\" data-element_type=\"container\" data-e-type=\"container\" data-settings=\"{&quot;background_background&quot;:&quot;classic&quot;,&quot;animation_delay&quot;:100,&quot;animation&quot;:&quot;fadeIn&quot;,&quot;ekit_has_onepagescroll_dot&quot;:&quot;yes&quot;}\">\n\t\t<div class=\"elementor-element elementor-element-69f0383 e-con-full e-flex e-con e-child\" data-id=\"69f0383\" data-element_type=\"container\" data-e-type=\"container\" data-settings=\"{&quot;ekit_has_onepagescroll_dot&quot;:&quot;yes&quot;}\">\n\t\t\t\t<div class=\"elementor-element elementor-element-56daa33 animated-fast elementor-invisible elementor-widget elementor-widget-elementskit-heading\" data-id=\"56daa33\" data-element_type=\"widget\" data-e-type=\"widget\" data-settings=\"{&quot;_animation&quot;:&quot;fadeIn&quot;,&quot;_animation_delay&quot;:200,&quot;ekit_we_effect_on&quot;:&quot;none&quot;}\" data-widget_type=\"elementskit-heading.default\">\n\t\t\t\t<div class=\"elementor-widget-container\">\n\t\t\t\t\t<div class=\"ekit-wid-con\" ><div class=\"ekit-heading elementskit-section-title-wraper text_left   ekit_heading_tablet-   ekit_heading_mobile-\"><div class=\"ekit-heading--title elementskit-section-title\">Si\u0173sti s\u0105skaitas fakt\u016bras dar niekada nebuvo taip paprasta ir greita.<\/div>\t\t\t\t<div class='ekit-heading__description'>\n\t\t\t\t\t<p>Sukurkite pardavimo s\u0105skait\u0105 fakt\u016br\u0105 tinkamu formatu ir i\u0161si\u0173skite j\u0105 per kelias minutes.\u00a0<\/p>\n\t\t\t\t<\/div>\n\t\t\t<\/div><\/div>\t\t\t\t<\/div>\n\t\t\t\t<\/div>\n\t\t<div class=\"elementor-element elementor-element-7a6c948 e-con-full e-flex e-con e-child\" data-id=\"7a6c948\" data-element_type=\"container\" data-e-type=\"container\" data-settings=\"{&quot;ekit_has_onepagescroll_dot&quot;:&quot;yes&quot;}\">\n\t\t\t\t<div class=\"elementor-element elementor-element-e14dfd9 elementor-align-left elementor-widget__width-auto animated-fast elementor-invisible elementor-widget elementor-widget-elementskit-button\" data-id=\"e14dfd9\" data-element_type=\"widget\" data-e-type=\"widget\" data-settings=\"{&quot;_animation&quot;:&quot;pulse&quot;,&quot;_animation_delay&quot;:200,&quot;ekit_we_effect_on&quot;:&quot;none&quot;}\" data-widget_type=\"elementskit-button.default\">\n\t\t\t\t<div class=\"elementor-widget-container\">\n\t\t\t\t\t<div class=\"ekit-wid-con\" >\t\t<div class=\"ekit-btn-wraper\">\n\t\t\t\t\t\t\t<a href=\"https:\/\/app.bilnex.io\/auth\/sign-up?lang=en\" class=\"elementskit-btn  whitespace--normal\" id=\"\">\n\t\t\t\t\t<i class=\"fas fa-magic\"><\/i>Prad\u0117ti dabar\t\t\t\t<\/a>\n\t\t\t\t\t<\/div>\n        <\/div>\t\t\t\t<\/div>\n\t\t\t\t<\/div>\n\t\t\t\t<\/div>\n\t\t\t\t<\/div>\n\t\t<div class=\"elementor-element elementor-element-99e11cc e-con-full elementor-hidden-tablet elementor-hidden-mobile e-flex e-con e-child\" data-id=\"99e11cc\" data-element_type=\"container\" data-e-type=\"container\" data-settings=\"{&quot;ekit_has_onepagescroll_dot&quot;:&quot;yes&quot;}\">\n\t\t\t\t<div class=\"elementor-element elementor-element-dae65eb animated-fast elementor-invisible elementor-widget elementor-widget-image\" data-id=\"dae65eb\" data-element_type=\"widget\" data-e-type=\"widget\" data-settings=\"{&quot;_animation&quot;:&quot;fadeInUp&quot;,&quot;_animation_delay&quot;:300,&quot;ekit_we_effect_on&quot;:&quot;none&quot;}\" data-widget_type=\"image.default\">\n\t\t\t\t<div class=\"elementor-widget-container\">\n\t\t\t\t\t\t\t\t\t\t\t\t\t\t\t<img fetchpriority=\"high\" decoding=\"async\" width=\"788\" height=\"600\" src=\"https:\/\/bilnex.io\/wp-content\/uploads\/2025\/08\/Bilnex-eng-5.png\" class=\"attachment-full size-full wp-image-28306\" alt=\"\" srcset=\"https:\/\/bilnex.io\/wp-content\/uploads\/2025\/08\/Bilnex-eng-5.png 788w, https:\/\/bilnex.io\/wp-content\/uploads\/2025\/08\/Bilnex-eng-5-300x228.png 300w, https:\/\/bilnex.io\/wp-content\/uploads\/2025\/08\/Bilnex-eng-5-768x585.png 768w, https:\/\/bilnex.io\/wp-content\/uploads\/2025\/08\/Bilnex-eng-5-16x12.png 16w, https:\/\/bilnex.io\/wp-content\/uploads\/2025\/08\/Bilnex-eng-5-710x541.png 710w\" sizes=\"(max-width: 788px) 100vw, 788px\" \/>\t\t\t\t\t\t\t\t\t\t\t\t\t\t\t<\/div>\n\t\t\t\t<\/div>\n\t\t\t\t<\/div>\n\t\t\t\t<\/div>\n\t\t\t\t<\/div>\n\t\t\t\t\t<\/div>\n\t\t\t\t<\/div>\n\t\t\t\t<\/div>","protected":false},"excerpt":{"rendered":"<p>V\u00f5ta julgelt \u00fchendust Soovid saada lisainfot v\u00f5i tahad arutada, kuidas Bilnex v\u00f5iks sinu ettev\u00f5tet aidata? Kirjuta meile ja v\u00f5tame varsti \u00fchendust. Klienditugi K\u00fcsi vajadusel abi. Tagasiside Jaga oma ettepanekuid. Teavita t\u00f5rkest Anna teada, teeme korda. Kogukond K\u00fcsi teistelt n\u00f5u. T\u00e4ida vorm ja saada meile kiri Vastame esimesel v\u00f5imalusel. Nimi E-mail Pealkiri S\u00f5num \u2022 MADE IN [&hellip;]<\/p>\n","protected":false},"author":2,"featured_media":0,"parent":0,"menu_order":0,"comment_status":"closed","ping_status":"closed","template":"","meta":{"footnotes":""},"class_list":["post-27273","page","type-page","status-publish","hentry"],"_links":{"self":[{"href":"https:\/\/bilnex.io\/lt\/wp-json\/wp\/v2\/pages\/27273","targetHints":{"allow":["GET"]}}],"collection":[{"href":"https:\/\/bilnex.io\/lt\/wp-json\/wp\/v2\/pages"}],"about":[{"href":"https:\/\/bilnex.io\/lt\/wp-json\/wp\/v2\/types\/page"}],"author":[{"embeddable":true,"href":"https:\/\/bilnex.io\/lt\/wp-json\/wp\/v2\/users\/2"}],"replies":[{"embeddable":true,"href":"https:\/\/bilnex.io\/lt\/wp-json\/wp\/v2\/comments?post=27273"}],"version-history":[{"count":39,"href":"https:\/\/bilnex.io\/lt\/wp-json\/wp\/v2\/pages\/27273\/revisions"}],"predecessor-version":[{"id":28459,"href":"https:\/\/bilnex.io\/lt\/wp-json\/wp\/v2\/pages\/27273\/revisions\/28459"}],"wp:attachment":[{"href":"https:\/\/bilnex.io\/lt\/wp-json\/wp\/v2\/media?parent=27273"}],"curies":[{"name":"wp","href":"https:\/\/api.w.org\/{rel}","templated":true}]}}