{"id":27265,"date":"2024-10-02T12:14:42","date_gmt":"2024-10-02T12:14:42","guid":{"rendered":"https:\/\/joule.keydesign.xyz\/ai-dev-tool\/?page_id=27265"},"modified":"2025-08-04T12:25:06","modified_gmt":"2025-08-04T12:25:06","slug":"privatums","status":"publish","type":"page","link":"https:\/\/bilnex.io\/lv\/privatums\/","title":{"rendered":"Priv\u0101tums"},"content":{"rendered":"<div data-elementor-type=\"wp-page\" data-elementor-id=\"27265\" class=\"elementor elementor-27265\" data-elementor-post-type=\"page\">\n\t\t\t\t<div class=\"elementor-element elementor-element-4d464da e-flex e-con-boxed e-con e-parent\" data-id=\"4d464da\" data-element_type=\"container\" data-e-type=\"container\" data-settings=\"{&quot;background_background&quot;:&quot;classic&quot;}\">\n\t\t\t\t\t<div class=\"e-con-inner\">\n\t\t<div class=\"elementor-element elementor-element-4990bcb e-con-full e-flex e-con e-child\" data-id=\"4990bcb\" data-element_type=\"container\" data-e-type=\"container\" data-settings=\"{&quot;ekit_has_onepagescroll_dot&quot;:&quot;yes&quot;}\">\n\t\t\t\t<div class=\"elementor-element elementor-element-e974fbd elementor-widget elementor-widget-elementskit-heading\" data-id=\"e974fbd\" data-element_type=\"widget\" data-e-type=\"widget\" data-settings=\"{&quot;ekit_we_effect_on&quot;:&quot;css&quot;}\" data-widget_type=\"elementskit-heading.default\">\n\t\t\t\t<div class=\"elementor-widget-container\">\n\t\t\t\t\t<div class=\"ekit-wid-con\" ><div class=\"ekit-heading elementskit-section-title-wraper text_left   ekit_heading_tablet-   ekit_heading_mobile-\"><h1 class=\"ekit-heading--title elementskit-section-title\">Priv\u0101tuma politika<\/h1>\t\t\t\t<div class='ekit-heading__description'>\n\t\t\t\t\t<p><b>P\u0113d\u0113joreiz atjaunin\u0101ts <\/b><strong>2025. gada 14. j\u016blij\u0101<\/strong><\/p>\n\t\t\t\t<\/div>\n\t\t\t<\/div><\/div>\t\t\t\t<\/div>\n\t\t\t\t<\/div>\n\t\t\t\t<\/div>\n\t\t\t\t\t<\/div>\n\t\t\t\t<\/div>\n\t\t<div class=\"elementor-element elementor-element-f007246 e-flex e-con-boxed e-con e-parent\" data-id=\"f007246\" data-element_type=\"container\" data-e-type=\"container\" data-settings=\"{&quot;animation&quot;:&quot;none&quot;}\">\n\t\t\t\t\t<div class=\"e-con-inner\">\n\t\t<div class=\"elementor-element elementor-element-0b4f65a e-con-full elementor-hidden-tablet elementor-hidden-mobile ekit-sticky--top e-flex e-con e-child\" data-id=\"0b4f65a\" data-element_type=\"container\" data-e-type=\"container\" data-settings=\"{&quot;ekit_sticky&quot;:&quot;top&quot;,&quot;ekit_sticky_until&quot;:&quot;#section1&quot;,&quot;ekit_has_onepagescroll_dot&quot;:&quot;yes&quot;,&quot;ekit_sticky_offset&quot;:{&quot;unit&quot;:&quot;px&quot;,&quot;size&quot;:0,&quot;sizes&quot;:[]},&quot;ekit_sticky_offset_tablet&quot;:{&quot;unit&quot;:&quot;px&quot;,&quot;size&quot;:&quot;&quot;,&quot;sizes&quot;:[]},&quot;ekit_sticky_offset_mobile&quot;:{&quot;unit&quot;:&quot;px&quot;,&quot;size&quot;:&quot;&quot;,&quot;sizes&quot;:[]},&quot;ekit_sticky_on_desktop&quot;:&quot;desktop&quot;,&quot;ekit_sticky_on_tablet&quot;:&quot;tablet&quot;,&quot;ekit_sticky_on_mobile&quot;:&quot;mobile&quot;,&quot;ekit_sticky_effect_offset&quot;:{&quot;unit&quot;:&quot;px&quot;,&quot;size&quot;:0,&quot;sizes&quot;:[]},&quot;ekit_sticky_effect_offset_tablet&quot;:{&quot;unit&quot;:&quot;px&quot;,&quot;size&quot;:&quot;&quot;,&quot;sizes&quot;:[]},&quot;ekit_sticky_effect_offset_mobile&quot;:{&quot;unit&quot;:&quot;px&quot;,&quot;size&quot;:&quot;&quot;,&quot;sizes&quot;:[]}}\">\n\t\t<div class=\"elementor-element elementor-element-b8e0da8 e-con-full ekit-sticky--top e-flex e-con e-child\" data-id=\"b8e0da8\" data-element_type=\"container\" data-e-type=\"container\" data-settings=\"{&quot;ekit_sticky&quot;:&quot;top&quot;,&quot;ekit_sticky_offset&quot;:{&quot;unit&quot;:&quot;px&quot;,&quot;size&quot;:100,&quot;sizes&quot;:[]},&quot;ekit_sticky_until&quot;:&quot;section4&quot;,&quot;ekit_has_onepagescroll_dot&quot;:&quot;yes&quot;,&quot;ekit_sticky_offset_tablet&quot;:{&quot;unit&quot;:&quot;px&quot;,&quot;size&quot;:&quot;&quot;,&quot;sizes&quot;:[]},&quot;ekit_sticky_offset_mobile&quot;:{&quot;unit&quot;:&quot;px&quot;,&quot;size&quot;:&quot;&quot;,&quot;sizes&quot;:[]},&quot;ekit_sticky_on_desktop&quot;:&quot;desktop&quot;,&quot;ekit_sticky_effect_offset&quot;:{&quot;unit&quot;:&quot;px&quot;,&quot;size&quot;:0,&quot;sizes&quot;:[]},&quot;ekit_sticky_effect_offset_tablet&quot;:{&quot;unit&quot;:&quot;px&quot;,&quot;size&quot;:&quot;&quot;,&quot;sizes&quot;:[]},&quot;ekit_sticky_effect_offset_mobile&quot;:{&quot;unit&quot;:&quot;px&quot;,&quot;size&quot;:&quot;&quot;,&quot;sizes&quot;:[]}}\">\n\t\t\t\t<div class=\"elementor-element elementor-element-717e298 sticky-navigation elementor-hidden-tablet elementor-hidden-mobile elementor-widget elementor-widget-elementskit-stylish-list\" data-id=\"717e298\" data-element_type=\"widget\" data-e-type=\"widget\" data-settings=\"{&quot;ekit_we_effect_on&quot;:&quot;none&quot;}\" data-widget_type=\"elementskit-stylish-list.default\">\n\t\t\t\t<div class=\"elementor-widget-container\">\n\t\t\t\t\t<div class=\"ekit-wid-con\">\t\t<ul class=\"ekit-stylish-list\" >\n\t\t\t\t\t\t\t<li class=\"ekit-stylish-list-content-wrapper elementor-repeater-item-dbd1c0d\" >\n\t\t\t\t\t\t\t\t\t\t\t<a class=\"ekit-wrapper-link\" href=\"#section1\"><\/a>\n\t\t\t\t\t\t\t\t\t\t<div class=\"ekit-stylish-list-content\">\n\t\t\t\t\t\t\t\t\t\t\t\t\t\t\t\t\t\t\t\t\t\t\t\t<div class=\"ekit-stylish-list-content-text\">\n\t\t\t\t\t\t\t<span class=\"ekit-stylish-list-content-title\">Personas datu aizsardz\u012bbas principi<\/span>\n\t\t\t\t\t\t\t\t\t\t\t\t\t<\/div>\n\t\t\t\t\t\t\t\t\t\t\t<\/div>\n\t\t\t\t\t\n\t\t\t\t<\/li>\n\t\t\t\t\t\t\t\t\t\t\t<li class=\"ekit-stylish-list-content-wrapper elementor-repeater-item-ff908b5\" >\n\t\t\t\t\t\t\t\t\t\t\t<a class=\"ekit-wrapper-link\" href=\"#section2\"><\/a>\n\t\t\t\t\t\t\t\t\t\t<div class=\"ekit-stylish-list-content\">\n\t\t\t\t\t\t\t\t\t\t\t\t\t\t\t\t\t\t\t\t\t\t\t\t<div class=\"ekit-stylish-list-content-text\">\n\t\t\t\t\t\t\t<span class=\"ekit-stylish-list-content-title\">Kas ir personas dati?<\/span>\n\t\t\t\t\t\t\t\t\t\t\t\t\t<\/div>\n\t\t\t\t\t\t\t\t\t\t\t<\/div>\n\t\t\t\t\t\n\t\t\t\t<\/li>\n\t\t\t\t\t\t\t\t\t\t\t<li class=\"ekit-stylish-list-content-wrapper elementor-repeater-item-832abad\" >\n\t\t\t\t\t\t\t\t\t\t\t<a class=\"ekit-wrapper-link\" href=\"#section3\"><\/a>\n\t\t\t\t\t\t\t\t\t\t<div class=\"ekit-stylish-list-content\">\n\t\t\t\t\t\t\t\t\t\t\t\t\t\t\t\t\t\t\t\t\t\t\t\t<div class=\"ekit-stylish-list-content-text\">\n\t\t\t\t\t\t\t<span class=\"ekit-stylish-list-content-title\">Kas ir personas datu apstr\u0101de?<\/span>\n\t\t\t\t\t\t\t\t\t\t\t\t\t<\/div>\n\t\t\t\t\t\t\t\t\t\t\t<\/div>\n\t\t\t\t\t\n\t\t\t\t<\/li>\n\t\t\t\t\t\t\t\t\t\t\t<li class=\"ekit-stylish-list-content-wrapper elementor-repeater-item-4452293\" >\n\t\t\t\t\t\t\t\t\t\t\t<a class=\"ekit-wrapper-link\" href=\"#section4\"><\/a>\n\t\t\t\t\t\t\t\t\t\t<div class=\"ekit-stylish-list-content\">\n\t\t\t\t\t\t\t\t\t\t\t\t\t\t\t\t\t\t\t\t\t\t\t\t<div class=\"ekit-stylish-list-content-text\">\n\t\t\t\t\t\t\t<span class=\"ekit-stylish-list-content-title\">Kas ir GDPR?<\/span>\n\t\t\t\t\t\t\t\t\t\t\t\t\t<\/div>\n\t\t\t\t\t\t\t\t\t\t\t<\/div>\n\t\t\t\t\t\n\t\t\t\t<\/li>\n\t\t\t\t\t\t\t\t\t<\/ul>\n\t<\/div>\t\t\t\t<\/div>\n\t\t\t\t<\/div>\n\t\t\t\t<\/div>\n\t\t\t\t<\/div>\n\t\t<div class=\"elementor-element elementor-element-5f0b8f2 e-con-full e-flex e-con e-child\" data-id=\"5f0b8f2\" data-element_type=\"container\" data-e-type=\"container\" data-settings=\"{&quot;ekit_has_onepagescroll_dot&quot;:&quot;yes&quot;}\">\n\t\t<div class=\"elementor-element elementor-element-7a76b6a e-con-full sticky-section e-flex e-con e-child\" data-id=\"7a76b6a\" data-element_type=\"container\" data-e-type=\"container\" id=\"section1\" data-settings=\"{&quot;ekit_has_onepagescroll_dot&quot;:&quot;yes&quot;}\">\n\t\t<div class=\"elementor-element elementor-element-9143ab6 e-con-full e-flex e-con e-child\" data-id=\"9143ab6\" data-element_type=\"container\" data-e-type=\"container\" data-settings=\"{&quot;ekit_has_onepagescroll_dot&quot;:&quot;yes&quot;}\">\n\t\t\t\t<div class=\"elementor-element elementor-element-016045d elementor-widget elementor-widget-elementskit-heading\" data-id=\"016045d\" data-element_type=\"widget\" data-e-type=\"widget\" data-settings=\"{&quot;ekit_we_effect_on&quot;:&quot;none&quot;}\" data-widget_type=\"elementskit-heading.default\">\n\t\t\t\t<div class=\"elementor-widget-container\">\n\t\t\t\t\t<div class=\"ekit-wid-con\" ><div class=\"ekit-heading elementskit-section-title-wraper text_left   ekit_heading_tablet-   ekit_heading_mobile-\"><h3 class=\"ekit-heading--title elementskit-section-title\">Personas datu aizsardz\u012bbas principi<\/h3><\/div><\/div>\t\t\t\t<\/div>\n\t\t\t\t<\/div>\n\t\t\t\t<\/div>\n\t\t<div class=\"elementor-element elementor-element-c3f2e8a e-con-full e-flex e-con e-child\" data-id=\"c3f2e8a\" data-element_type=\"container\" data-e-type=\"container\" data-settings=\"{&quot;ekit_has_onepagescroll_dot&quot;:&quot;yes&quot;}\">\n\t\t\t\t<div class=\"elementor-element elementor-element-cf8b701 elementor-widget elementor-widget-text-editor\" data-id=\"cf8b701\" data-element_type=\"widget\" data-e-type=\"widget\" data-settings=\"{&quot;ekit_we_effect_on&quot;:&quot;none&quot;}\" data-widget_type=\"text-editor.default\">\n\t\t\t\t<div class=\"elementor-widget-container\">\n\t\t\t\t\t\t\t\t\t<main><\/main><section class=\"text-content-section\"><div class=\"container\"><div class=\"text-content\"><p>\u0160aj\u0101 priv\u0101tuma politik\u0101 ir paskaidrots, k\u0101 Finbite O\u00dc (turpm\u0101k tekst\u0101 \u2014 Finbite) apstr\u0101d\u0101, izmanto un aizsarg\u0101 personas datus, kas tiek apkopoti, izmantojot Bilnex.io (turpm\u0101k tekst\u0101 \u2014 Bilnex) platformu. Sniedzot pakalpojumus klientiem Bilnex platform\u0101, Finbite ir datu p\u0101rzinis. Tas, k\u0101di dati par klientu tiek apkopoti, ir atkar\u012bgs no klienta izmantot\u0101 pakalpojuma.<\/p><p>Apstr\u0101d\u0101jot personas datus, m\u0113s piev\u0113r\u0161am lielu uzman\u012bbu tam, lai m\u016bsu klientu personas dati tiktu dro\u0161i aizsarg\u0101ti un apstr\u0101d\u0101ti saska\u0146\u0101 ar datu aizsardz\u012bbas principiem. Klientu dati tiek apstr\u0101d\u0101ti saska\u0146\u0101 ar Fizisko personu datu aizsardz\u012bbas likumu, Visp\u0101r\u012bgo datu aizsardz\u012bbas regulu un citiem ties\u012bbu aktiem.<\/p><p>Lai ieg\u016btu pla\u0161\u0101ku inform\u0101ciju par datu apstr\u0101di, kas apkopota, izmantojot Bilnex platformu, l\u016bdzu, apmekl\u0113jiet Finbite vietni. <span style=\"text-decoration: underline;\"><a href=\"https:\/\/finbite.eu\/wp-content\/uploads\/2023\/03\/20220825-finbite-isikuandmete-tootlemise-pohimotted.pdf\" data-type=\"URL\" data-id=\"https:\/\/finbite.eu\/wp-content\/uploads\/2023\/03\/20220825-finbite-isikuandmete-tootlemise-pohimotted.pdf\">Personas datu apstr\u0101des principi<\/a>.<\/span><\/p><p>Finbite un Bilnex ir ties\u012bbas vienpus\u0113ji groz\u012bt \u0161os Principus, pazi\u0146ojot par to klientam vai nu <span style=\"text-decoration: underline;\"><a href=\"http:\/\/www.finbite.eu\">www.finbite.eu<\/a> <\/span>vai <span style=\"text-decoration: underline;\"><a href=\"https:\/\/bilnex.io\/lv\/\">www.bilnex.io<\/a><\/span> izmantojot soci\u0101los medijus vai jebk\u0101d\u0101 cit\u0101 veid\u0101. Papildu jaut\u0101jumus par personas datu aizsardz\u012bbu varat nos\u016bt\u012bt pa e-pastu. <a href=\"mailto:support@bilnex.io\">support@bilnex.io<\/a><\/p><\/div><\/div><\/section>\t\t\t\t\t\t\t\t<\/div>\n\t\t\t\t<\/div>\n\t\t\t\t<\/div>\n\t\t\t\t<\/div>\n\t\t<div class=\"elementor-element elementor-element-0e276e0 e-con-full sticky-section e-flex e-con e-child\" data-id=\"0e276e0\" data-element_type=\"container\" data-e-type=\"container\" id=\"section2\" data-settings=\"{&quot;ekit_has_onepagescroll_dot&quot;:&quot;yes&quot;}\">\n\t\t<div class=\"elementor-element elementor-element-702f2d6 e-con-full e-flex e-con e-child\" data-id=\"702f2d6\" data-element_type=\"container\" data-e-type=\"container\" data-settings=\"{&quot;ekit_has_onepagescroll_dot&quot;:&quot;yes&quot;}\">\n\t\t\t\t<div class=\"elementor-element elementor-element-e936a52 elementor-widget elementor-widget-spacer\" data-id=\"e936a52\" data-element_type=\"widget\" data-e-type=\"widget\" data-settings=\"{&quot;ekit_we_effect_on&quot;:&quot;none&quot;}\" data-widget_type=\"spacer.default\">\n\t\t\t\t<div class=\"elementor-widget-container\">\n\t\t\t\t\t\t\t<div class=\"elementor-spacer\">\n\t\t\t<div class=\"elementor-spacer-inner\"><\/div>\n\t\t<\/div>\n\t\t\t\t\t\t<\/div>\n\t\t\t\t<\/div>\n\t\t\t\t<div class=\"elementor-element elementor-element-b06aa45 elementor-widget elementor-widget-elementskit-heading\" data-id=\"b06aa45\" data-element_type=\"widget\" data-e-type=\"widget\" data-settings=\"{&quot;ekit_we_effect_on&quot;:&quot;none&quot;}\" data-widget_type=\"elementskit-heading.default\">\n\t\t\t\t<div class=\"elementor-widget-container\">\n\t\t\t\t\t<div class=\"ekit-wid-con\" ><div class=\"ekit-heading elementskit-section-title-wraper text_left   ekit_heading_tablet-   ekit_heading_mobile-\"><h3 class=\"ekit-heading--title elementskit-section-title\">Kas ir personas dati?<\/h3><\/div><\/div>\t\t\t\t<\/div>\n\t\t\t\t<\/div>\n\t\t\t\t<\/div>\n\t\t<div class=\"elementor-element elementor-element-cdbdff2 e-con-full e-flex e-con e-child\" data-id=\"cdbdff2\" data-element_type=\"container\" data-e-type=\"container\" data-settings=\"{&quot;ekit_has_onepagescroll_dot&quot;:&quot;yes&quot;}\">\n\t\t\t\t<div class=\"elementor-element elementor-element-1e9d00c elementor-widget elementor-widget-text-editor\" data-id=\"1e9d00c\" data-element_type=\"widget\" data-e-type=\"widget\" data-settings=\"{&quot;ekit_we_effect_on&quot;:&quot;none&quot;}\" data-widget_type=\"text-editor.default\">\n\t\t\t\t<div class=\"elementor-widget-container\">\n\t\t\t\t\t\t\t\t\t<p class=\"wp-block-heading\">Personas dati ir jebkura inform\u0101cija par identific\u0113tu vai identific\u0113jamu fizisku personu vai personu. Ja datus var izmantot, lai at\u0161\u0137irtu vienu personu no cit\u0101m person\u0101m, tad, visticam\u0101k, tie ir personas dati. Papildus personas v\u0101rdam, personas identifik\u0101cijas numuram, e-pasta adresei un tie\u0161saistes identifikatoram personas dati var ietvert ar\u012b jebkurus citus datus, kas izsaka personas fizisk\u0101s, gar\u012bg\u0101s, fiziolo\u0123isk\u0101s, ekonomisk\u0101s, kult\u016bras vai soci\u0101l\u0101s \u012bpa\u0161\u012bbas, attiec\u012bbas un pieder\u012bbu.<\/p>\t\t\t\t\t\t\t\t<\/div>\n\t\t\t\t<\/div>\n\t\t\t\t<\/div>\n\t\t\t\t<\/div>\n\t\t<div class=\"elementor-element elementor-element-2d6a5ff e-con-full sticky-section e-flex e-con e-child\" data-id=\"2d6a5ff\" data-element_type=\"container\" data-e-type=\"container\" id=\"section3\" data-settings=\"{&quot;ekit_has_onepagescroll_dot&quot;:&quot;yes&quot;}\">\n\t\t<div class=\"elementor-element elementor-element-86f6536 e-con-full e-flex e-con e-child\" data-id=\"86f6536\" data-element_type=\"container\" data-e-type=\"container\" data-settings=\"{&quot;ekit_has_onepagescroll_dot&quot;:&quot;yes&quot;}\">\n\t\t\t\t<div class=\"elementor-element elementor-element-1307117 elementor-widget elementor-widget-spacer\" data-id=\"1307117\" data-element_type=\"widget\" data-e-type=\"widget\" data-settings=\"{&quot;ekit_we_effect_on&quot;:&quot;none&quot;}\" data-widget_type=\"spacer.default\">\n\t\t\t\t<div class=\"elementor-widget-container\">\n\t\t\t\t\t\t\t<div class=\"elementor-spacer\">\n\t\t\t<div class=\"elementor-spacer-inner\"><\/div>\n\t\t<\/div>\n\t\t\t\t\t\t<\/div>\n\t\t\t\t<\/div>\n\t\t\t\t<div class=\"elementor-element elementor-element-cb1e0eb elementor-widget elementor-widget-elementskit-heading\" data-id=\"cb1e0eb\" data-element_type=\"widget\" data-e-type=\"widget\" data-settings=\"{&quot;ekit_we_effect_on&quot;:&quot;none&quot;}\" data-widget_type=\"elementskit-heading.default\">\n\t\t\t\t<div class=\"elementor-widget-container\">\n\t\t\t\t\t<div class=\"ekit-wid-con\" ><div class=\"ekit-heading elementskit-section-title-wraper text_left   ekit_heading_tablet-   ekit_heading_mobile-\"><h3 class=\"ekit-heading--title elementskit-section-title\">Kas ir personas datu apstr\u0101de?<\/h3><\/div><\/div>\t\t\t\t<\/div>\n\t\t\t\t<\/div>\n\t\t\t\t<\/div>\n\t\t<div class=\"elementor-element elementor-element-b11c80d e-con-full e-flex e-con e-child\" data-id=\"b11c80d\" data-element_type=\"container\" data-e-type=\"container\" data-settings=\"{&quot;ekit_has_onepagescroll_dot&quot;:&quot;yes&quot;}\">\n\t\t\t\t<div class=\"elementor-element elementor-element-3233c69 elementor-widget elementor-widget-text-editor\" data-id=\"3233c69\" data-element_type=\"widget\" data-e-type=\"widget\" data-settings=\"{&quot;ekit_we_effect_on&quot;:&quot;none&quot;}\" data-widget_type=\"text-editor.default\">\n\t\t\t\t<div class=\"elementor-widget-container\">\n\t\t\t\t\t\t\t\t\t<p>Personas datu apstr\u0101de ir jebkura darb\u012bba, kas tiek veikta ar personas datiem. Tas ietver, piem\u0113ram, datu v\u0101k\u0161anu, glab\u0101\u0161anu, p\u0101rs\u016bt\u012b\u0161anu, modific\u0113\u0161anu, dz\u0113\u0161anu, organiz\u0113\u0161anu vai vienk\u0101r\u0161i nolas\u012b\u0161anu.<\/p>\t\t\t\t\t\t\t\t<\/div>\n\t\t\t\t<\/div>\n\t\t\t\t<\/div>\n\t\t\t\t<\/div>\n\t\t<div class=\"elementor-element elementor-element-53424fa e-con-full sticky-section e-flex e-con e-child\" data-id=\"53424fa\" data-element_type=\"container\" data-e-type=\"container\" id=\"section4\" data-settings=\"{&quot;ekit_has_onepagescroll_dot&quot;:&quot;yes&quot;}\">\n\t\t<div class=\"elementor-element elementor-element-16286ae e-con-full e-flex e-con e-child\" data-id=\"16286ae\" data-element_type=\"container\" data-e-type=\"container\" data-settings=\"{&quot;ekit_has_onepagescroll_dot&quot;:&quot;yes&quot;}\">\n\t\t\t\t<div class=\"elementor-element elementor-element-4d36ae1 elementor-widget elementor-widget-spacer\" data-id=\"4d36ae1\" data-element_type=\"widget\" data-e-type=\"widget\" data-settings=\"{&quot;ekit_we_effect_on&quot;:&quot;none&quot;}\" data-widget_type=\"spacer.default\">\n\t\t\t\t<div class=\"elementor-widget-container\">\n\t\t\t\t\t\t\t<div class=\"elementor-spacer\">\n\t\t\t<div class=\"elementor-spacer-inner\"><\/div>\n\t\t<\/div>\n\t\t\t\t\t\t<\/div>\n\t\t\t\t<\/div>\n\t\t\t\t<div class=\"elementor-element elementor-element-035e5eb elementor-widget elementor-widget-elementskit-heading\" data-id=\"035e5eb\" data-element_type=\"widget\" data-e-type=\"widget\" data-settings=\"{&quot;ekit_we_effect_on&quot;:&quot;none&quot;}\" data-widget_type=\"elementskit-heading.default\">\n\t\t\t\t<div class=\"elementor-widget-container\">\n\t\t\t\t\t<div class=\"ekit-wid-con\" ><div class=\"ekit-heading elementskit-section-title-wraper text_left   ekit_heading_tablet-   ekit_heading_mobile-\"><h3 class=\"ekit-heading--title elementskit-section-title\">Kas ir Visp\u0101r\u012bg\u0101 datu aizsardz\u012bbas regula (VDAR)?<\/h3><\/div><\/div>\t\t\t\t<\/div>\n\t\t\t\t<\/div>\n\t\t\t\t<\/div>\n\t\t<div class=\"elementor-element elementor-element-e1db675 e-con-full e-flex e-con e-child\" data-id=\"e1db675\" data-element_type=\"container\" data-e-type=\"container\" data-settings=\"{&quot;ekit_has_onepagescroll_dot&quot;:&quot;yes&quot;}\">\n\t\t\t\t<div class=\"elementor-element elementor-element-f7d2062 elementor-widget elementor-widget-text-editor\" data-id=\"f7d2062\" data-element_type=\"widget\" data-e-type=\"widget\" data-settings=\"{&quot;ekit_we_effect_on&quot;:&quot;none&quot;}\" data-widget_type=\"text-editor.default\">\n\t\t\t\t<div class=\"elementor-widget-container\">\n\t\t\t\t\t\t\t\t\t<p><span lang=\"en-GB\">Visp\u0101r\u012bg\u0101 datu aizsardz\u012bbas regula (VDAR) attiecas uz personas datu apstr\u0101di no 2018. gada 25. maija. Regula ir tie\u0161i piem\u0113rojama un t\u0101s m\u0113r\u0137is ir nodro\u0161in\u0101t lab\u0101ku personas datu aizsardz\u012bbu, pie\u0161\u0137irot person\u0101m liel\u0101ku kontroli p\u0101r saviem datiem. Regula tika public\u0113ta Eiropas Savien\u012bbas Ofici\u0101laj\u0101 V\u0113stnes\u012b.\u00a0<\/span><a href=\"https:\/\/eur-lex.europa.eu\/legal-content\/ET\/TXT\/PDF\/?uri=OJ:L:2016:119:FULL&amp;from=ET\"><span lang=\"et\"><span style=\"text-decoration: underline;\">04.05.2016<\/span><\/span><\/a><span lang=\"en-GB\">.<\/span><\/p>\t\t\t\t\t\t\t\t<\/div>\n\t\t\t\t<\/div>\n\t\t\t\t<div class=\"elementor-element elementor-element-ccda286 elementor-widget elementor-widget-html\" data-id=\"ccda286\" data-element_type=\"widget\" data-e-type=\"widget\" data-settings=\"{&quot;ekit_we_effect_on&quot;:&quot;none&quot;}\" data-widget_type=\"html.default\">\n\t\t\t\t<div class=\"elementor-widget-container\">\n\t\t\t\t\t<script id=\"CookieDeclaration\" src=\"https:\/\/consent.cookiebot.com\/2c49aa29-3a09-4450-8327-aa983b1dcf69\/cd.js\" type=\"text\/javascript\" async><\/script>\t\t\t\t<\/div>\n\t\t\t\t<\/div>\n\t\t\t\t<\/div>\n\t\t\t\t<\/div>\n\t\t<div class=\"elementor-element elementor-element-55bc7aa e-con-full sticky-section e-flex e-con e-child\" data-id=\"55bc7aa\" data-element_type=\"container\" data-e-type=\"container\" id=\"section7\" data-settings=\"{&quot;ekit_has_onepagescroll_dot&quot;:&quot;yes&quot;}\">\n\t\t<div class=\"elementor-element elementor-element-daa3f10 e-con-full e-flex e-con e-child\" data-id=\"daa3f10\" data-element_type=\"container\" data-e-type=\"container\" data-settings=\"{&quot;ekit_has_onepagescroll_dot&quot;:&quot;yes&quot;}\">\n\t\t\t\t<div class=\"elementor-element elementor-element-2602955 elementor-widget elementor-widget-spacer\" data-id=\"2602955\" data-element_type=\"widget\" data-e-type=\"widget\" data-settings=\"{&quot;ekit_we_effect_on&quot;:&quot;none&quot;}\" data-widget_type=\"spacer.default\">\n\t\t\t\t<div class=\"elementor-widget-container\">\n\t\t\t\t\t\t\t<div class=\"elementor-spacer\">\n\t\t\t<div class=\"elementor-spacer-inner\"><\/div>\n\t\t<\/div>\n\t\t\t\t\t\t<\/div>\n\t\t\t\t<\/div>\n\t\t\t\t<\/div>\n\t\t\t\t<\/div>\n\t\t\t\t<\/div>\n\t\t\t\t\t<\/div>\n\t\t\t\t<\/div>\n\t\t\t\t<\/div>","protected":false},"excerpt":{"rendered":"<p>Privaatsuspoliitika Viimati uuendatud 14. juulil 2025 Isikuandmete kaitse p\u00f5him\u00f5tted Mis on isikuandmed? Mis on isikuandmete t\u00f6\u00f6tlemine? Mis on GDPR? Isikuandmete kaitse p\u00f5him\u00f5tted K\u00e4esolev privaatsuspoliitika selgitab, kuidas Bilnex.io (edaspidi Bilnex) platvormi kaudu kogutud isikuandmeid t\u00f6\u00f6tleb, kasutab ja kaitseb Finbite O\u00dc (edaspidi Finbite).\u00a0 Klientidele Bilnex platvormil teenuseid pakkudes on iskuandmete vastutavaks t\u00f6\u00f6tlejaks Finbite. Milliseid andmeid kliendi kohta [&hellip;]<\/p>\n","protected":false},"author":2,"featured_media":0,"parent":0,"menu_order":0,"comment_status":"closed","ping_status":"closed","template":"","meta":{"footnotes":""},"class_list":["post-27265","page","type-page","status-publish","hentry"],"_links":{"self":[{"href":"https:\/\/bilnex.io\/lv\/wp-json\/wp\/v2\/pages\/27265","targetHints":{"allow":["GET"]}}],"collection":[{"href":"https:\/\/bilnex.io\/lv\/wp-json\/wp\/v2\/pages"}],"about":[{"href":"https:\/\/bilnex.io\/lv\/wp-json\/wp\/v2\/types\/page"}],"author":[{"embeddable":true,"href":"https:\/\/bilnex.io\/lv\/wp-json\/wp\/v2\/users\/2"}],"replies":[{"embeddable":true,"href":"https:\/\/bilnex.io\/lv\/wp-json\/wp\/v2\/comments?post=27265"}],"version-history":[{"count":25,"href":"https:\/\/bilnex.io\/lv\/wp-json\/wp\/v2\/pages\/27265\/revisions"}],"predecessor-version":[{"id":28430,"href":"https:\/\/bilnex.io\/lv\/wp-json\/wp\/v2\/pages\/27265\/revisions\/28430"}],"wp:attachment":[{"href":"https:\/\/bilnex.io\/lv\/wp-json\/wp\/v2\/media?parent=27265"}],"curies":[{"name":"wp","href":"https:\/\/api.w.org\/{rel}","templated":true}]}}