{"id":27265,"date":"2024-10-02T12:14:42","date_gmt":"2024-10-02T12:14:42","guid":{"rendered":"https:\/\/joule.keydesign.xyz\/ai-dev-tool\/?page_id=27265"},"modified":"2025-08-04T12:25:06","modified_gmt":"2025-08-04T12:25:06","slug":"prywatnosc","status":"publish","type":"page","link":"https:\/\/bilnex.io\/pl\/prywatnosc\/","title":{"rendered":"Prywatno\u015b\u0107"},"content":{"rendered":"<div data-elementor-type=\"wp-page\" data-elementor-id=\"27265\" class=\"elementor elementor-27265\" data-elementor-post-type=\"page\">\n\t\t\t\t<div class=\"elementor-element elementor-element-4d464da e-flex e-con-boxed e-con e-parent\" data-id=\"4d464da\" data-element_type=\"container\" data-e-type=\"container\" data-settings=\"{&quot;background_background&quot;:&quot;classic&quot;}\">\n\t\t\t\t\t<div class=\"e-con-inner\">\n\t\t<div class=\"elementor-element elementor-element-4990bcb e-con-full e-flex e-con e-child\" data-id=\"4990bcb\" data-element_type=\"container\" data-e-type=\"container\" data-settings=\"{&quot;ekit_has_onepagescroll_dot&quot;:&quot;yes&quot;}\">\n\t\t\t\t<div class=\"elementor-element elementor-element-e974fbd elementor-widget elementor-widget-elementskit-heading\" data-id=\"e974fbd\" data-element_type=\"widget\" data-e-type=\"widget\" data-settings=\"{&quot;ekit_we_effect_on&quot;:&quot;css&quot;}\" data-widget_type=\"elementskit-heading.default\">\n\t\t\t\t<div class=\"elementor-widget-container\">\n\t\t\t\t\t<div class=\"ekit-wid-con\" ><div class=\"ekit-heading elementskit-section-title-wraper text_left   ekit_heading_tablet-   ekit_heading_mobile-\"><h1 class=\"ekit-heading--title elementskit-section-title\">Polityka prywatno\u015bci<\/h1>\t\t\t\t<div class='ekit-heading__description'>\n\t\t\t\t\t<p><b>Ostatnia aktualizacja <\/b><strong>14 lipca 2025 r.<\/strong><\/p>\n\t\t\t\t<\/div>\n\t\t\t<\/div><\/div>\t\t\t\t<\/div>\n\t\t\t\t<\/div>\n\t\t\t\t<\/div>\n\t\t\t\t\t<\/div>\n\t\t\t\t<\/div>\n\t\t<div class=\"elementor-element elementor-element-f007246 e-flex e-con-boxed e-con e-parent\" data-id=\"f007246\" data-element_type=\"container\" data-e-type=\"container\" data-settings=\"{&quot;animation&quot;:&quot;none&quot;}\">\n\t\t\t\t\t<div class=\"e-con-inner\">\n\t\t<div class=\"elementor-element elementor-element-0b4f65a e-con-full elementor-hidden-tablet elementor-hidden-mobile ekit-sticky--top e-flex e-con e-child\" data-id=\"0b4f65a\" data-element_type=\"container\" data-e-type=\"container\" data-settings=\"{&quot;ekit_sticky&quot;:&quot;top&quot;,&quot;ekit_sticky_until&quot;:&quot;#section1&quot;,&quot;ekit_has_onepagescroll_dot&quot;:&quot;yes&quot;,&quot;ekit_sticky_offset&quot;:{&quot;unit&quot;:&quot;px&quot;,&quot;size&quot;:0,&quot;sizes&quot;:[]},&quot;ekit_sticky_offset_tablet&quot;:{&quot;unit&quot;:&quot;px&quot;,&quot;size&quot;:&quot;&quot;,&quot;sizes&quot;:[]},&quot;ekit_sticky_offset_mobile&quot;:{&quot;unit&quot;:&quot;px&quot;,&quot;size&quot;:&quot;&quot;,&quot;sizes&quot;:[]},&quot;ekit_sticky_on_desktop&quot;:&quot;desktop&quot;,&quot;ekit_sticky_on_tablet&quot;:&quot;tablet&quot;,&quot;ekit_sticky_on_mobile&quot;:&quot;mobile&quot;,&quot;ekit_sticky_effect_offset&quot;:{&quot;unit&quot;:&quot;px&quot;,&quot;size&quot;:0,&quot;sizes&quot;:[]},&quot;ekit_sticky_effect_offset_tablet&quot;:{&quot;unit&quot;:&quot;px&quot;,&quot;size&quot;:&quot;&quot;,&quot;sizes&quot;:[]},&quot;ekit_sticky_effect_offset_mobile&quot;:{&quot;unit&quot;:&quot;px&quot;,&quot;size&quot;:&quot;&quot;,&quot;sizes&quot;:[]}}\">\n\t\t<div class=\"elementor-element elementor-element-b8e0da8 e-con-full ekit-sticky--top e-flex e-con e-child\" data-id=\"b8e0da8\" data-element_type=\"container\" data-e-type=\"container\" data-settings=\"{&quot;ekit_sticky&quot;:&quot;top&quot;,&quot;ekit_sticky_offset&quot;:{&quot;unit&quot;:&quot;px&quot;,&quot;size&quot;:100,&quot;sizes&quot;:[]},&quot;ekit_sticky_until&quot;:&quot;section4&quot;,&quot;ekit_has_onepagescroll_dot&quot;:&quot;yes&quot;,&quot;ekit_sticky_offset_tablet&quot;:{&quot;unit&quot;:&quot;px&quot;,&quot;size&quot;:&quot;&quot;,&quot;sizes&quot;:[]},&quot;ekit_sticky_offset_mobile&quot;:{&quot;unit&quot;:&quot;px&quot;,&quot;size&quot;:&quot;&quot;,&quot;sizes&quot;:[]},&quot;ekit_sticky_on_desktop&quot;:&quot;desktop&quot;,&quot;ekit_sticky_effect_offset&quot;:{&quot;unit&quot;:&quot;px&quot;,&quot;size&quot;:0,&quot;sizes&quot;:[]},&quot;ekit_sticky_effect_offset_tablet&quot;:{&quot;unit&quot;:&quot;px&quot;,&quot;size&quot;:&quot;&quot;,&quot;sizes&quot;:[]},&quot;ekit_sticky_effect_offset_mobile&quot;:{&quot;unit&quot;:&quot;px&quot;,&quot;size&quot;:&quot;&quot;,&quot;sizes&quot;:[]}}\">\n\t\t\t\t<div class=\"elementor-element elementor-element-717e298 sticky-navigation elementor-hidden-tablet elementor-hidden-mobile elementor-widget elementor-widget-elementskit-stylish-list\" data-id=\"717e298\" data-element_type=\"widget\" data-e-type=\"widget\" data-settings=\"{&quot;ekit_we_effect_on&quot;:&quot;none&quot;}\" data-widget_type=\"elementskit-stylish-list.default\">\n\t\t\t\t<div class=\"elementor-widget-container\">\n\t\t\t\t\t<div class=\"ekit-wid-con\">\t\t<ul class=\"ekit-stylish-list\" >\n\t\t\t\t\t\t\t<li class=\"ekit-stylish-list-content-wrapper elementor-repeater-item-dbd1c0d\" >\n\t\t\t\t\t\t\t\t\t\t\t<a class=\"ekit-wrapper-link\" href=\"#section1\"><\/a>\n\t\t\t\t\t\t\t\t\t\t<div class=\"ekit-stylish-list-content\">\n\t\t\t\t\t\t\t\t\t\t\t\t\t\t\t\t\t\t\t\t\t\t\t\t<div class=\"ekit-stylish-list-content-text\">\n\t\t\t\t\t\t\t<span class=\"ekit-stylish-list-content-title\">Zasady ochrony danych osobowych<\/span>\n\t\t\t\t\t\t\t\t\t\t\t\t\t<\/div>\n\t\t\t\t\t\t\t\t\t\t\t<\/div>\n\t\t\t\t\t\n\t\t\t\t<\/li>\n\t\t\t\t\t\t\t\t\t\t\t<li class=\"ekit-stylish-list-content-wrapper elementor-repeater-item-ff908b5\" >\n\t\t\t\t\t\t\t\t\t\t\t<a class=\"ekit-wrapper-link\" href=\"#section2\"><\/a>\n\t\t\t\t\t\t\t\t\t\t<div class=\"ekit-stylish-list-content\">\n\t\t\t\t\t\t\t\t\t\t\t\t\t\t\t\t\t\t\t\t\t\t\t\t<div class=\"ekit-stylish-list-content-text\">\n\t\t\t\t\t\t\t<span class=\"ekit-stylish-list-content-title\">Czym s\u0105 dane osobowe?<\/span>\n\t\t\t\t\t\t\t\t\t\t\t\t\t<\/div>\n\t\t\t\t\t\t\t\t\t\t\t<\/div>\n\t\t\t\t\t\n\t\t\t\t<\/li>\n\t\t\t\t\t\t\t\t\t\t\t<li class=\"ekit-stylish-list-content-wrapper elementor-repeater-item-832abad\" >\n\t\t\t\t\t\t\t\t\t\t\t<a class=\"ekit-wrapper-link\" href=\"#section3\"><\/a>\n\t\t\t\t\t\t\t\t\t\t<div class=\"ekit-stylish-list-content\">\n\t\t\t\t\t\t\t\t\t\t\t\t\t\t\t\t\t\t\t\t\t\t\t\t<div class=\"ekit-stylish-list-content-text\">\n\t\t\t\t\t\t\t<span class=\"ekit-stylish-list-content-title\">Na czym polega przetwarzanie danych osobowych?<\/span>\n\t\t\t\t\t\t\t\t\t\t\t\t\t<\/div>\n\t\t\t\t\t\t\t\t\t\t\t<\/div>\n\t\t\t\t\t\n\t\t\t\t<\/li>\n\t\t\t\t\t\t\t\t\t\t\t<li class=\"ekit-stylish-list-content-wrapper elementor-repeater-item-4452293\" >\n\t\t\t\t\t\t\t\t\t\t\t<a class=\"ekit-wrapper-link\" href=\"#section4\"><\/a>\n\t\t\t\t\t\t\t\t\t\t<div class=\"ekit-stylish-list-content\">\n\t\t\t\t\t\t\t\t\t\t\t\t\t\t\t\t\t\t\t\t\t\t\t\t<div class=\"ekit-stylish-list-content-text\">\n\t\t\t\t\t\t\t<span class=\"ekit-stylish-list-content-title\">Czym jest RODO?<\/span>\n\t\t\t\t\t\t\t\t\t\t\t\t\t<\/div>\n\t\t\t\t\t\t\t\t\t\t\t<\/div>\n\t\t\t\t\t\n\t\t\t\t<\/li>\n\t\t\t\t\t\t\t\t\t<\/ul>\n\t<\/div>\t\t\t\t<\/div>\n\t\t\t\t<\/div>\n\t\t\t\t<\/div>\n\t\t\t\t<\/div>\n\t\t<div class=\"elementor-element elementor-element-5f0b8f2 e-con-full e-flex e-con e-child\" data-id=\"5f0b8f2\" data-element_type=\"container\" data-e-type=\"container\" data-settings=\"{&quot;ekit_has_onepagescroll_dot&quot;:&quot;yes&quot;}\">\n\t\t<div class=\"elementor-element elementor-element-7a76b6a e-con-full sticky-section e-flex e-con e-child\" data-id=\"7a76b6a\" data-element_type=\"container\" data-e-type=\"container\" id=\"section1\" data-settings=\"{&quot;ekit_has_onepagescroll_dot&quot;:&quot;yes&quot;}\">\n\t\t<div class=\"elementor-element elementor-element-9143ab6 e-con-full e-flex e-con e-child\" data-id=\"9143ab6\" data-element_type=\"container\" data-e-type=\"container\" data-settings=\"{&quot;ekit_has_onepagescroll_dot&quot;:&quot;yes&quot;}\">\n\t\t\t\t<div class=\"elementor-element elementor-element-016045d elementor-widget elementor-widget-elementskit-heading\" data-id=\"016045d\" data-element_type=\"widget\" data-e-type=\"widget\" data-settings=\"{&quot;ekit_we_effect_on&quot;:&quot;none&quot;}\" data-widget_type=\"elementskit-heading.default\">\n\t\t\t\t<div class=\"elementor-widget-container\">\n\t\t\t\t\t<div class=\"ekit-wid-con\" ><div class=\"ekit-heading elementskit-section-title-wraper text_left   ekit_heading_tablet-   ekit_heading_mobile-\"><h3 class=\"ekit-heading--title elementskit-section-title\">Zasady ochrony danych osobowych<\/h3><\/div><\/div>\t\t\t\t<\/div>\n\t\t\t\t<\/div>\n\t\t\t\t<\/div>\n\t\t<div class=\"elementor-element elementor-element-c3f2e8a e-con-full e-flex e-con e-child\" data-id=\"c3f2e8a\" data-element_type=\"container\" data-e-type=\"container\" data-settings=\"{&quot;ekit_has_onepagescroll_dot&quot;:&quot;yes&quot;}\">\n\t\t\t\t<div class=\"elementor-element elementor-element-cf8b701 elementor-widget elementor-widget-text-editor\" data-id=\"cf8b701\" data-element_type=\"widget\" data-e-type=\"widget\" data-settings=\"{&quot;ekit_we_effect_on&quot;:&quot;none&quot;}\" data-widget_type=\"text-editor.default\">\n\t\t\t\t<div class=\"elementor-widget-container\">\n\t\t\t\t\t\t\t\t\t<main><\/main><section class=\"text-content-section\"><div class=\"container\"><div class=\"text-content\"><p>Niniejsza polityka prywatno\u015bci wyja\u015bnia, w jaki spos\u00f3b Finbite O\u00dc (zwana dalej Finbite) przetwarza, wykorzystuje i chroni dane osobowe gromadzone za po\u015brednictwem platformy Bilnex.io (zwanej dalej Bilnex). Finbite jest administratorem danych w zakresie \u015bwiadczenia us\u0142ug klientom na platformie Bilnex. Rodzaj gromadzonych danych o kliencie zale\u017cy od us\u0142ugi, z kt\u00f3rej korzysta klient.<\/p><p>Przetwarzaj\u0105c dane osobowe, przywi\u0105zujemy szczeg\u00f3ln\u0105 wag\u0119 do zapewnienia bezpiecznej ochrony danych osobowych naszych klient\u00f3w i ich przetwarzania zgodnie z zasadami ochrony danych. Dane klient\u00f3w przetwarzane s\u0105 zgodnie z Ustaw\u0105 o ochronie danych osobowych, Rozporz\u0105dzeniem o ochronie danych osobowych (RODO) oraz innymi przepisami prawa.<\/p><p>Wi\u0119cej informacji na temat przetwarzania danych zbieranych za po\u015brednictwem platformy Bilnex mo\u017cna znale\u017a\u0107 na stronie Finbite. <span style=\"text-decoration: underline;\"><a href=\"https:\/\/finbite.eu\/wp-content\/uploads\/2023\/03\/20220825-finbite-isikuandmete-tootlemise-pohimotted.pdf\" data-type=\"URL\" data-id=\"https:\/\/finbite.eu\/wp-content\/uploads\/2023\/03\/20220825-finbite-isikuandmete-tootlemise-pohimotted.pdf\">Zasady przetwarzania danych osobowych<\/a>.<\/span><\/p><p>Finbite i Bilnex maj\u0105 prawo do jednostronnej zmiany niniejszych Zasad poprzez powiadomienie Klienta: <span style=\"text-decoration: underline;\"><a href=\"http:\/\/www.finbite.eu\">www.finbite.eu<\/a> <\/span>Lub <span style=\"text-decoration: underline;\"><a href=\"https:\/\/bilnex.io\/pl\/\">www.bilnex.io<\/a><\/span> Za po\u015brednictwem medi\u00f3w spo\u0142eczno\u015bciowych lub w inny spos\u00f3b. Dodatkowe pytania dotycz\u0105ce ochrony danych osobowych mo\u017cesz kierowa\u0107 drog\u0105 mailow\u0105. <a href=\"mailto:support@bilnex.io\">support@bilnex.io<\/a><\/p><\/div><\/div><\/section>\t\t\t\t\t\t\t\t<\/div>\n\t\t\t\t<\/div>\n\t\t\t\t<\/div>\n\t\t\t\t<\/div>\n\t\t<div class=\"elementor-element elementor-element-0e276e0 e-con-full sticky-section e-flex e-con e-child\" data-id=\"0e276e0\" data-element_type=\"container\" data-e-type=\"container\" id=\"section2\" data-settings=\"{&quot;ekit_has_onepagescroll_dot&quot;:&quot;yes&quot;}\">\n\t\t<div class=\"elementor-element elementor-element-702f2d6 e-con-full e-flex e-con e-child\" data-id=\"702f2d6\" data-element_type=\"container\" data-e-type=\"container\" data-settings=\"{&quot;ekit_has_onepagescroll_dot&quot;:&quot;yes&quot;}\">\n\t\t\t\t<div class=\"elementor-element elementor-element-e936a52 elementor-widget elementor-widget-spacer\" data-id=\"e936a52\" data-element_type=\"widget\" data-e-type=\"widget\" data-settings=\"{&quot;ekit_we_effect_on&quot;:&quot;none&quot;}\" data-widget_type=\"spacer.default\">\n\t\t\t\t<div class=\"elementor-widget-container\">\n\t\t\t\t\t\t\t<div class=\"elementor-spacer\">\n\t\t\t<div class=\"elementor-spacer-inner\"><\/div>\n\t\t<\/div>\n\t\t\t\t\t\t<\/div>\n\t\t\t\t<\/div>\n\t\t\t\t<div class=\"elementor-element elementor-element-b06aa45 elementor-widget elementor-widget-elementskit-heading\" data-id=\"b06aa45\" data-element_type=\"widget\" data-e-type=\"widget\" data-settings=\"{&quot;ekit_we_effect_on&quot;:&quot;none&quot;}\" data-widget_type=\"elementskit-heading.default\">\n\t\t\t\t<div class=\"elementor-widget-container\">\n\t\t\t\t\t<div class=\"ekit-wid-con\" ><div class=\"ekit-heading elementskit-section-title-wraper text_left   ekit_heading_tablet-   ekit_heading_mobile-\"><h3 class=\"ekit-heading--title elementskit-section-title\">Czym s\u0105 dane osobowe?<\/h3><\/div><\/div>\t\t\t\t<\/div>\n\t\t\t\t<\/div>\n\t\t\t\t<\/div>\n\t\t<div class=\"elementor-element elementor-element-cdbdff2 e-con-full e-flex e-con e-child\" data-id=\"cdbdff2\" data-element_type=\"container\" data-e-type=\"container\" data-settings=\"{&quot;ekit_has_onepagescroll_dot&quot;:&quot;yes&quot;}\">\n\t\t\t\t<div class=\"elementor-element elementor-element-1e9d00c elementor-widget elementor-widget-text-editor\" data-id=\"1e9d00c\" data-element_type=\"widget\" data-e-type=\"widget\" data-settings=\"{&quot;ekit_we_effect_on&quot;:&quot;none&quot;}\" data-widget_type=\"text-editor.default\">\n\t\t\t\t<div class=\"elementor-widget-container\">\n\t\t\t\t\t\t\t\t\t<p class=\"wp-block-heading\">Dane osobowe to wszelkie informacje o zidentyfikowanej lub mo\u017cliwej do zidentyfikowania osobie fizycznej. Je\u015bli dane te pozwalaj\u0105 na odr\u00f3\u017cnienie jednej osoby od innych, najprawdopodobniej s\u0105 to dane osobowe. Opr\u00f3cz imienia i nazwiska osoby, osobistego numeru identyfikacyjnego, adresu e-mail i identyfikatora internetowego, dane osobowe mog\u0105 r\u00f3wnie\u017c obejmowa\u0107 wszelkie inne dane wyra\u017caj\u0105ce cechy fizyczne, psychiczne, fizjologiczne, ekonomiczne, kulturowe lub spo\u0142eczne, relacje i przynale\u017cno\u015b\u0107 danej osoby.<\/p>\t\t\t\t\t\t\t\t<\/div>\n\t\t\t\t<\/div>\n\t\t\t\t<\/div>\n\t\t\t\t<\/div>\n\t\t<div class=\"elementor-element elementor-element-2d6a5ff e-con-full sticky-section e-flex e-con e-child\" data-id=\"2d6a5ff\" data-element_type=\"container\" data-e-type=\"container\" id=\"section3\" data-settings=\"{&quot;ekit_has_onepagescroll_dot&quot;:&quot;yes&quot;}\">\n\t\t<div class=\"elementor-element elementor-element-86f6536 e-con-full e-flex e-con e-child\" data-id=\"86f6536\" data-element_type=\"container\" data-e-type=\"container\" data-settings=\"{&quot;ekit_has_onepagescroll_dot&quot;:&quot;yes&quot;}\">\n\t\t\t\t<div class=\"elementor-element elementor-element-1307117 elementor-widget elementor-widget-spacer\" data-id=\"1307117\" data-element_type=\"widget\" data-e-type=\"widget\" data-settings=\"{&quot;ekit_we_effect_on&quot;:&quot;none&quot;}\" data-widget_type=\"spacer.default\">\n\t\t\t\t<div class=\"elementor-widget-container\">\n\t\t\t\t\t\t\t<div class=\"elementor-spacer\">\n\t\t\t<div class=\"elementor-spacer-inner\"><\/div>\n\t\t<\/div>\n\t\t\t\t\t\t<\/div>\n\t\t\t\t<\/div>\n\t\t\t\t<div class=\"elementor-element elementor-element-cb1e0eb elementor-widget elementor-widget-elementskit-heading\" data-id=\"cb1e0eb\" data-element_type=\"widget\" data-e-type=\"widget\" data-settings=\"{&quot;ekit_we_effect_on&quot;:&quot;none&quot;}\" data-widget_type=\"elementskit-heading.default\">\n\t\t\t\t<div class=\"elementor-widget-container\">\n\t\t\t\t\t<div class=\"ekit-wid-con\" ><div class=\"ekit-heading elementskit-section-title-wraper text_left   ekit_heading_tablet-   ekit_heading_mobile-\"><h3 class=\"ekit-heading--title elementskit-section-title\">Na czym polega przetwarzanie danych osobowych?<\/h3><\/div><\/div>\t\t\t\t<\/div>\n\t\t\t\t<\/div>\n\t\t\t\t<\/div>\n\t\t<div class=\"elementor-element elementor-element-b11c80d e-con-full e-flex e-con e-child\" data-id=\"b11c80d\" data-element_type=\"container\" data-e-type=\"container\" data-settings=\"{&quot;ekit_has_onepagescroll_dot&quot;:&quot;yes&quot;}\">\n\t\t\t\t<div class=\"elementor-element elementor-element-3233c69 elementor-widget elementor-widget-text-editor\" data-id=\"3233c69\" data-element_type=\"widget\" data-e-type=\"widget\" data-settings=\"{&quot;ekit_we_effect_on&quot;:&quot;none&quot;}\" data-widget_type=\"text-editor.default\">\n\t\t\t\t<div class=\"elementor-widget-container\">\n\t\t\t\t\t\t\t\t\t<p>Przetwarzaniem danych osobowych nazywamy wszelkie operacje wykonywane na danych osobowych. Obejmuje to na przyk\u0142ad gromadzenie, przechowywanie, przesy\u0142anie, modyfikowanie, usuwanie, porz\u0105dkowanie lub po prostu odczytywanie danych.<\/p>\t\t\t\t\t\t\t\t<\/div>\n\t\t\t\t<\/div>\n\t\t\t\t<\/div>\n\t\t\t\t<\/div>\n\t\t<div class=\"elementor-element elementor-element-53424fa e-con-full sticky-section e-flex e-con e-child\" data-id=\"53424fa\" data-element_type=\"container\" data-e-type=\"container\" id=\"section4\" data-settings=\"{&quot;ekit_has_onepagescroll_dot&quot;:&quot;yes&quot;}\">\n\t\t<div class=\"elementor-element elementor-element-16286ae e-con-full e-flex e-con e-child\" data-id=\"16286ae\" data-element_type=\"container\" data-e-type=\"container\" data-settings=\"{&quot;ekit_has_onepagescroll_dot&quot;:&quot;yes&quot;}\">\n\t\t\t\t<div class=\"elementor-element elementor-element-4d36ae1 elementor-widget elementor-widget-spacer\" data-id=\"4d36ae1\" data-element_type=\"widget\" data-e-type=\"widget\" data-settings=\"{&quot;ekit_we_effect_on&quot;:&quot;none&quot;}\" data-widget_type=\"spacer.default\">\n\t\t\t\t<div class=\"elementor-widget-container\">\n\t\t\t\t\t\t\t<div class=\"elementor-spacer\">\n\t\t\t<div class=\"elementor-spacer-inner\"><\/div>\n\t\t<\/div>\n\t\t\t\t\t\t<\/div>\n\t\t\t\t<\/div>\n\t\t\t\t<div class=\"elementor-element elementor-element-035e5eb elementor-widget elementor-widget-elementskit-heading\" data-id=\"035e5eb\" data-element_type=\"widget\" data-e-type=\"widget\" data-settings=\"{&quot;ekit_we_effect_on&quot;:&quot;none&quot;}\" data-widget_type=\"elementskit-heading.default\">\n\t\t\t\t<div class=\"elementor-widget-container\">\n\t\t\t\t\t<div class=\"ekit-wid-con\" ><div class=\"ekit-heading elementskit-section-title-wraper text_left   ekit_heading_tablet-   ekit_heading_mobile-\"><h3 class=\"ekit-heading--title elementskit-section-title\">Czym jest Og\u00f3lne Rozporz\u0105dzenie o Ochronie Danych (RODO)?<\/h3><\/div><\/div>\t\t\t\t<\/div>\n\t\t\t\t<\/div>\n\t\t\t\t<\/div>\n\t\t<div class=\"elementor-element elementor-element-e1db675 e-con-full e-flex e-con e-child\" data-id=\"e1db675\" data-element_type=\"container\" data-e-type=\"container\" data-settings=\"{&quot;ekit_has_onepagescroll_dot&quot;:&quot;yes&quot;}\">\n\t\t\t\t<div class=\"elementor-element elementor-element-f7d2062 elementor-widget elementor-widget-text-editor\" data-id=\"f7d2062\" data-element_type=\"widget\" data-e-type=\"widget\" data-settings=\"{&quot;ekit_we_effect_on&quot;:&quot;none&quot;}\" data-widget_type=\"text-editor.default\">\n\t\t\t\t<div class=\"elementor-widget-container\">\n\t\t\t\t\t\t\t\t\t<p><span lang=\"en-GB\">Rozporz\u0105dzenie Og\u00f3lne o Ochronie Danych (RODO) ma zastosowanie do przetwarzania danych osobowych od 25 maja 2018 r. Rozporz\u0105dzenie jest bezpo\u015brednio stosowane i ma na celu zapewnienie lepszej ochrony danych osobowych poprzez zapewnienie osobom fizycznym wi\u0119kszej kontroli nad swoimi danymi. Rozporz\u0105dzenie zosta\u0142o opublikowane w Dzienniku Urz\u0119dowym Unii Europejskiej.\u00a0<\/span><a href=\"https:\/\/eur-lex.europa.eu\/legal-content\/ET\/TXT\/PDF\/?uri=OJ:L:2016:119:FULL&amp;from=ET\"><span lang=\"et\"><span style=\"text-decoration: underline;\">04.05.2016<\/span><\/span><\/a><span lang=\"en-GB\">.<\/span><\/p>\t\t\t\t\t\t\t\t<\/div>\n\t\t\t\t<\/div>\n\t\t\t\t<div class=\"elementor-element elementor-element-ccda286 elementor-widget elementor-widget-html\" data-id=\"ccda286\" data-element_type=\"widget\" data-e-type=\"widget\" data-settings=\"{&quot;ekit_we_effect_on&quot;:&quot;none&quot;}\" data-widget_type=\"html.default\">\n\t\t\t\t<div class=\"elementor-widget-container\">\n\t\t\t\t\t<script id=\"CookieDeclaration\" src=\"https:\/\/consent.cookiebot.com\/2c49aa29-3a09-4450-8327-aa983b1dcf69\/cd.js\" type=\"text\/javascript\" async><\/script>\t\t\t\t<\/div>\n\t\t\t\t<\/div>\n\t\t\t\t<\/div>\n\t\t\t\t<\/div>\n\t\t<div class=\"elementor-element elementor-element-55bc7aa e-con-full sticky-section e-flex e-con e-child\" data-id=\"55bc7aa\" data-element_type=\"container\" data-e-type=\"container\" id=\"section7\" data-settings=\"{&quot;ekit_has_onepagescroll_dot&quot;:&quot;yes&quot;}\">\n\t\t<div class=\"elementor-element elementor-element-daa3f10 e-con-full e-flex e-con e-child\" data-id=\"daa3f10\" data-element_type=\"container\" data-e-type=\"container\" data-settings=\"{&quot;ekit_has_onepagescroll_dot&quot;:&quot;yes&quot;}\">\n\t\t\t\t<div class=\"elementor-element elementor-element-2602955 elementor-widget elementor-widget-spacer\" data-id=\"2602955\" data-element_type=\"widget\" data-e-type=\"widget\" data-settings=\"{&quot;ekit_we_effect_on&quot;:&quot;none&quot;}\" data-widget_type=\"spacer.default\">\n\t\t\t\t<div class=\"elementor-widget-container\">\n\t\t\t\t\t\t\t<div class=\"elementor-spacer\">\n\t\t\t<div class=\"elementor-spacer-inner\"><\/div>\n\t\t<\/div>\n\t\t\t\t\t\t<\/div>\n\t\t\t\t<\/div>\n\t\t\t\t<\/div>\n\t\t\t\t<\/div>\n\t\t\t\t<\/div>\n\t\t\t\t\t<\/div>\n\t\t\t\t<\/div>\n\t\t\t\t<\/div>","protected":false},"excerpt":{"rendered":"<p>Privaatsuspoliitika Viimati uuendatud 14. juulil 2025 Isikuandmete kaitse p\u00f5him\u00f5tted Mis on isikuandmed? Mis on isikuandmete t\u00f6\u00f6tlemine? Mis on GDPR? Isikuandmete kaitse p\u00f5him\u00f5tted K\u00e4esolev privaatsuspoliitika selgitab, kuidas Bilnex.io (edaspidi Bilnex) platvormi kaudu kogutud isikuandmeid t\u00f6\u00f6tleb, kasutab ja kaitseb Finbite O\u00dc (edaspidi Finbite).\u00a0 Klientidele Bilnex platvormil teenuseid pakkudes on iskuandmete vastutavaks t\u00f6\u00f6tlejaks Finbite. Milliseid andmeid kliendi kohta [&hellip;]<\/p>\n","protected":false},"author":2,"featured_media":0,"parent":0,"menu_order":0,"comment_status":"closed","ping_status":"closed","template":"","meta":{"footnotes":""},"class_list":["post-27265","page","type-page","status-publish","hentry"],"_links":{"self":[{"href":"https:\/\/bilnex.io\/pl\/wp-json\/wp\/v2\/pages\/27265","targetHints":{"allow":["GET"]}}],"collection":[{"href":"https:\/\/bilnex.io\/pl\/wp-json\/wp\/v2\/pages"}],"about":[{"href":"https:\/\/bilnex.io\/pl\/wp-json\/wp\/v2\/types\/page"}],"author":[{"embeddable":true,"href":"https:\/\/bilnex.io\/pl\/wp-json\/wp\/v2\/users\/2"}],"replies":[{"embeddable":true,"href":"https:\/\/bilnex.io\/pl\/wp-json\/wp\/v2\/comments?post=27265"}],"version-history":[{"count":25,"href":"https:\/\/bilnex.io\/pl\/wp-json\/wp\/v2\/pages\/27265\/revisions"}],"predecessor-version":[{"id":28430,"href":"https:\/\/bilnex.io\/pl\/wp-json\/wp\/v2\/pages\/27265\/revisions\/28430"}],"wp:attachment":[{"href":"https:\/\/bilnex.io\/pl\/wp-json\/wp\/v2\/media?parent=27265"}],"curies":[{"name":"wp","href":"https:\/\/api.w.org\/{rel}","templated":true}]}}